{"id":7267,"date":"2023-12-09T12:02:38","date_gmt":"2023-12-09T12:02:38","guid":{"rendered":"https:\/\/yanmarmarine.eu\/service-et-assistance\/"},"modified":"2026-01-14T11:24:56","modified_gmt":"2026-01-14T11:24:56","slug":"service-et-assistance","status":"publish","type":"page","link":"https:\/\/yanmarmarine.eu\/fr\/service-et-assistance\/","title":{"rendered":"Service et assistance"},"content":{"rendered":"\n<div class=\"wp-block-group\"><div class=\"wp-block-group__inner-container is-layout-constrained wp-block-group-is-layout-constrained\">\n<p class=\"has-text-align-center has-primary-color has-text-color has-link-color wp-elements-91ea9d4ce3f3c7f948af3c9a39865b0a\" style=\"font-size:16px;text-transform:uppercase\">service et assistance<\/p>\n\n\n\n<p class=\"has-text-align-center\" style=\"font-size:48px\">L&rsquo;assistance Yanmar est toujours \u00e0 port\u00e9e de main<\/p>\n<\/div><\/div>\n\n<div class=\"wp-block-group\"><div class=\"wp-block-group__inner-container is-layout-constrained wp-block-group-is-layout-constrained\">\n<div class=\"wp-block-media-text is-stacked-on-mobile\" style=\"grid-template-columns:45% auto\"><figure class=\"wp-block-media-text__media\"><img data-recalc-dims=\"1\" decoding=\"async\" width=\"600\" height=\"400\" src=\"https:\/\/i0.wp.com\/yanmarmarine.eu\/wp-content\/uploads\/2025\/08\/commercial-marine_engine_600x400.jpg?resize=600%2C400&#038;ssl=1\" alt=\"\" class=\"wp-image-5796 size-full\" srcset=\"https:\/\/i0.wp.com\/yanmarmarine.eu\/wp-content\/uploads\/2025\/08\/commercial-marine_engine_600x400.jpg?w=600&amp;ssl=1 600w, https:\/\/i0.wp.com\/yanmarmarine.eu\/wp-content\/uploads\/2025\/08\/commercial-marine_engine_600x400.jpg?resize=300%2C200&amp;ssl=1 300w\" sizes=\"(max-width: 600px) 100vw, 600px\" \/><\/figure><div class=\"wp-block-media-text__content\">\n<h2 class=\"wp-block-heading has-medium-font-size\">Service mondial 24\/7, o\u00f9 que vous soyez<\/h2>\n\n\n\n<p><span style=\"box-sizing: border-box; margin: 0px; padding: 0px;\">Lorsque vous choisissez Yanmar, vous obtenez plus qu&rsquo;un simple moteur<\/span>, vous obtenez la confiance d&rsquo;un support mondial. Notre r\u00e9seau mondial de partenaires de service agr\u00e9\u00e9s est disponible 24 heures sur 24, 7 jours sur 7, pr\u00eat \u00e0 se d\u00e9placer partout o\u00f9 cela est n\u00e9cessaire pour maintenir votre navire en \u00e9tat de marche. Yanmar est toujours \u00e0 vos c\u00f4t\u00e9s, de la maintenance experte aux pi\u00e8ces de rechange d&rsquo;origine.  <\/p>\n\n\n\n<p>En vous associant \u00e0 Yanmar, vous devenez membre d&rsquo;une famille mondiale qui s&rsquo;engage \u00e0 assurer vos <strong>performances, votre fiabilit\u00e9 et votre tranquillit\u00e9 d&rsquo;esprit.<\/strong><\/p>\n\n\n\n<div style=\"height:50px\" aria-hidden=\"true\" class=\"wp-block-spacer\"><\/div>\n\n\n\n<h2 class=\"wp-block-heading has-medium-font-size\">Gardez votre moteur en bon \u00e9tat de marche<\/h2>\n\n\n\n<p>Les moteurs Yanmar sont con\u00e7us pour des performances durables. Avec un entretien ad\u00e9quat et des pi\u00e8ces d&rsquo;origine Yanmar, votre moteur fonctionnera de mani\u00e8re optimale tout au long de sa dur\u00e9e de vie, maximisant ainsi le temps de fonctionnement et \u00e9vitant des r\u00e9parations co\u00fbteuses. <\/p>\n\n\n\n<p>Chaque pi\u00e8ce d&rsquo;origine Yanmar est fabriqu\u00e9e selon les m\u00eames normes de qualit\u00e9 que nos moteurs, ce qui garantit un ajustement parfait, la fiabilit\u00e9 et la durabilit\u00e9. Un entretien r\u00e9gulier chez les partenaires de service Yanmar agr\u00e9\u00e9s vous garantit un voyage sans probl\u00e8me. <\/p>\n<\/div><\/div>\n<\/div><\/div>\n\n<div style=\"height:50px\" aria-hidden=\"true\" class=\"wp-block-spacer\"><\/div>\n\n<div class=\"wp-block-group\"><div class=\"wp-block-group__inner-container is-layout-constrained wp-block-group-is-layout-constrained\">\n<div class=\"wp-block-media-text has-media-on-the-right is-stacked-on-mobile\" style=\"grid-template-columns:auto 45%\"><div class=\"wp-block-media-text__content\">\n<h2 class=\"wp-block-heading has-medium-font-size\">Des pi\u00e8ces d&rsquo;origine auxquelles vous pouvez faire confiance<\/h2>\n\n\n\n<ul class=\"wp-block-list\">\n<li>Test\u00e9 et approuv\u00e9 de mani\u00e8re stricte pour garantir une qualit\u00e9 sup\u00e9rieure<\/li>\n\n\n\n<li>Fourni par notre r\u00e9seau international de partenaires de service Yanmar qualifi\u00e9s<\/li>\n\n\n\n<li>Disponible rapidement et dans le monde entier, quel que soit le lieu d&rsquo;exploitation de votre navire<\/li>\n<\/ul>\n\n\n\n<p>Vous savez que votre moteur est prot\u00e9g\u00e9 et qu&rsquo;il fonctionne comme il se doit avec les pi\u00e8ces d&rsquo;origine Yanmar.<\/p>\n<\/div><figure class=\"wp-block-media-text__media\"><img data-recalc-dims=\"1\" decoding=\"async\" width=\"600\" height=\"400\" src=\"https:\/\/i0.wp.com\/yanmarmarine.eu\/wp-content\/uploads\/2025\/08\/commercial-marine_engine-2_600x400.jpg?resize=600%2C400&#038;ssl=1\" alt=\"\" class=\"wp-image-5802 size-full\" srcset=\"https:\/\/i0.wp.com\/yanmarmarine.eu\/wp-content\/uploads\/2025\/08\/commercial-marine_engine-2_600x400.jpg?w=600&amp;ssl=1 600w, https:\/\/i0.wp.com\/yanmarmarine.eu\/wp-content\/uploads\/2025\/08\/commercial-marine_engine-2_600x400.jpg?resize=300%2C200&amp;ssl=1 300w\" sizes=\"(max-width: 600px) 100vw, 600px\" \/><\/figure><\/div>\n<\/div><\/div>\n\n<div style=\"height:50px\" aria-hidden=\"true\" class=\"wp-block-spacer\"><\/div>\n\n<div class=\"wp-block-group\"><div class=\"wp-block-group__inner-container is-layout-constrained wp-block-group-is-layout-constrained\">\n<div class=\"wp-block-media-text is-stacked-on-mobile\" style=\"grid-template-columns:45% auto\"><figure class=\"wp-block-media-text__media\"><img data-recalc-dims=\"1\" decoding=\"async\" width=\"600\" height=\"533\" src=\"https:\/\/i0.wp.com\/yanmarmarine.eu\/wp-content\/uploads\/2025\/08\/commercial-marine_engine-3_600x400.jpg?resize=600%2C533&#038;ssl=1\" alt=\"\" class=\"wp-image-5809 size-full\" srcset=\"https:\/\/i0.wp.com\/yanmarmarine.eu\/wp-content\/uploads\/2025\/08\/commercial-marine_engine-3_600x400.jpg?w=600&amp;ssl=1 600w, https:\/\/i0.wp.com\/yanmarmarine.eu\/wp-content\/uploads\/2025\/08\/commercial-marine_engine-3_600x400.jpg?resize=300%2C267&amp;ssl=1 300w\" sizes=\"(max-width: 600px) 100vw, 600px\" \/><\/figure><div class=\"wp-block-media-text__content\">\n<h2 class=\"wp-block-heading has-medium-font-size\">Un r\u00e9seau mondial sur lequel vous pouvez compter<br\/><\/h2>\n\n\n\n<p>Le r\u00e9seau de service de Yanmar s&rsquo;\u00e9tend dans le monde entier, avec des partenaires et des bureaux r\u00e9gionaux sur tous les continents. Nombre de nos partenaires travaillent avec nous depuis des d\u00e9cennies, apportant leur expertise et leur d\u00e9vouement au soutien de vos op\u00e9rations. <\/p>\n\n\n\n<p>Nos partenaires de service sont :<\/p>\n\n\n\n<ul class=\"wp-block-list\">\n<li>Formation approfondie \u00e0 la technologie et aux proc\u00e9dures de service Yanmar<\/li>\n\n\n\n<li>Des outils et des connaissances adapt\u00e9s \u00e0 vos besoins<\/li>\n\n\n\n<li>\u00eatre au fait des normes et r\u00e9glementations techniques les plus r\u00e9centes<\/li>\n<\/ul>\n\n\n\n<p>\u00c0 l&rsquo;aide d&rsquo;outils de diagnostic avanc\u00e9s et d&rsquo;une documentation technique d\u00e9taill\u00e9e, ils assurent une maintenance fiable, des r\u00e9parations rapides et des conseils d&rsquo;experts, disponibles jour et nuit.<\/p>\n\n\n\n<p>Cliquez <a href=\"https:\/\/yanmarmarine.eu\/fr\/service-et-assistance\/localisateur-de-partenaires\/\">ici<\/a> pour trouver le partenaire Yanmar le plus proche et obtenir de l&rsquo;aide \u00e0 tout moment.<\/p>\n<\/div><\/div>\n<\/div><\/div>\n\n<div style=\"height:110px\" aria-hidden=\"true\" class=\"wp-block-spacer\"><\/div>\n","protected":false},"excerpt":{"rendered":"<p>service et assistance L&rsquo;assistance Yanmar est toujours \u00e0 port\u00e9e de main Service mondial 24\/7, o\u00f9 que vous soyez Lorsque vous choisissez Yanmar, vous obtenez plus qu&rsquo;un simple moteur, vous obtenez [&hellip;]<\/p>\n","protected":false},"author":25,"featured_media":0,"parent":0,"menu_order":0,"comment_status":"closed","ping_status":"closed","template":"","meta":{"_acf_changed":false,"footnotes":""},"class_list":["post-7267","page","type-page","status-publish","hentry"],"acf":[],"yoast_head":"<!-- This site is optimized with the Yoast SEO Premium plugin v24.0 (Yoast SEO v27.5) - https:\/\/yoast.com\/product\/yoast-seo-premium-wordpress\/ -->\n<title>Service et assistance - Yanmar Europe Commercial Marine<\/title>\n<meta name=\"robots\" content=\"index, follow, max-snippet:-1, max-image-preview:large, max-video-preview:-1\" \/>\n<link rel=\"canonical\" href=\"https:\/\/yanmarmarine.eu\/fr\/service-et-assistance\/\" \/>\n<meta property=\"og:locale\" content=\"fr_FR\" \/>\n<meta property=\"og:type\" content=\"article\" \/>\n<meta property=\"og:title\" content=\"Service et assistance\" \/>\n<meta property=\"og:description\" content=\"service et assistance L&rsquo;assistance Yanmar est toujours \u00e0 port\u00e9e de main Service mondial 24\/7, o\u00f9 que vous soyez Lorsque vous choisissez Yanmar, vous obtenez plus qu&rsquo;un simple moteur, vous obtenez [&hellip;]\" \/>\n<meta property=\"og:url\" content=\"https:\/\/yanmarmarine.eu\/fr\/service-et-assistance\/\" \/>\n<meta property=\"og:site_name\" content=\"Yanmar Europe Commercial Marine\" \/>\n<meta property=\"article:publisher\" content=\"https:\/\/www.facebook.com\/YANMARCM\" \/>\n<meta property=\"article:modified_time\" content=\"2026-01-14T11:24:56+00:00\" \/>\n<meta property=\"og:image\" content=\"https:\/\/i0.wp.com\/yanmarmarine.eu\/wp-content\/uploads\/2025\/08\/commercial-marine_engine_600x400.jpg?fit=600%2C400&ssl=1\" \/>\n\t<meta property=\"og:image:width\" content=\"600\" \/>\n\t<meta property=\"og:image:height\" content=\"400\" \/>\n\t<meta property=\"og:image:type\" content=\"image\/jpeg\" \/>\n<meta name=\"twitter:card\" content=\"summary_large_image\" \/>\n<meta name=\"twitter:label1\" content=\"Dur\u00e9e de lecture estim\u00e9e\" \/>\n\t<meta name=\"twitter:data1\" content=\"2 minutes\" \/>\n<script type=\"application\/ld+json\" class=\"yoast-schema-graph\">{\"@context\":\"https:\\\/\\\/schema.org\",\"@graph\":[{\"@type\":\"WebPage\",\"@id\":\"https:\\\/\\\/yanmarmarine.eu\\\/fr\\\/service-et-assistance\\\/\",\"url\":\"https:\\\/\\\/yanmarmarine.eu\\\/fr\\\/service-et-assistance\\\/\",\"name\":\"Service et assistance - Yanmar Europe Commercial Marine\",\"isPartOf\":{\"@id\":\"https:\\\/\\\/yanmarmarine.eu\\\/fr\\\/#website\"},\"primaryImageOfPage\":{\"@id\":\"https:\\\/\\\/yanmarmarine.eu\\\/fr\\\/service-et-assistance\\\/#primaryimage\"},\"image\":{\"@id\":\"https:\\\/\\\/yanmarmarine.eu\\\/fr\\\/service-et-assistance\\\/#primaryimage\"},\"thumbnailUrl\":\"https:\\\/\\\/yanmarmarine.eu\\\/wp-content\\\/uploads\\\/2025\\\/08\\\/commercial-marine_engine_600x400.jpg\",\"datePublished\":\"2023-12-09T12:02:38+00:00\",\"dateModified\":\"2026-01-14T11:24:56+00:00\",\"breadcrumb\":{\"@id\":\"https:\\\/\\\/yanmarmarine.eu\\\/fr\\\/service-et-assistance\\\/#breadcrumb\"},\"inLanguage\":\"fr-FR\",\"potentialAction\":[{\"@type\":\"ReadAction\",\"target\":[\"https:\\\/\\\/yanmarmarine.eu\\\/fr\\\/service-et-assistance\\\/\"]}]},{\"@type\":\"ImageObject\",\"inLanguage\":\"fr-FR\",\"@id\":\"https:\\\/\\\/yanmarmarine.eu\\\/fr\\\/service-et-assistance\\\/#primaryimage\",\"url\":\"https:\\\/\\\/yanmarmarine.eu\\\/wp-content\\\/uploads\\\/2025\\\/08\\\/commercial-marine_engine_600x400.jpg\",\"contentUrl\":\"https:\\\/\\\/yanmarmarine.eu\\\/wp-content\\\/uploads\\\/2025\\\/08\\\/commercial-marine_engine_600x400.jpg\"},{\"@type\":\"BreadcrumbList\",\"@id\":\"https:\\\/\\\/yanmarmarine.eu\\\/fr\\\/service-et-assistance\\\/#breadcrumb\",\"itemListElement\":[{\"@type\":\"ListItem\",\"position\":1,\"name\":\"Accueil\",\"item\":\"https:\\\/\\\/yanmarmarine.eu\\\/fr\\\/\"},{\"@type\":\"ListItem\",\"position\":2,\"name\":\"Service et assistance\"}]},{\"@type\":\"WebSite\",\"@id\":\"https:\\\/\\\/yanmarmarine.eu\\\/fr\\\/#website\",\"url\":\"https:\\\/\\\/yanmarmarine.eu\\\/fr\\\/\",\"name\":\"Yanmar Europe Commercial Marine\",\"description\":\"\",\"publisher\":{\"@id\":\"https:\\\/\\\/yanmarmarine.eu\\\/fr\\\/#organization\"},\"potentialAction\":[{\"@type\":\"SearchAction\",\"target\":{\"@type\":\"EntryPoint\",\"urlTemplate\":\"https:\\\/\\\/yanmarmarine.eu\\\/fr\\\/?s={search_term_string}\"},\"query-input\":{\"@type\":\"PropertyValueSpecification\",\"valueRequired\":true,\"valueName\":\"search_term_string\"}}],\"inLanguage\":\"fr-FR\"},{\"@type\":\"Organization\",\"@id\":\"https:\\\/\\\/yanmarmarine.eu\\\/fr\\\/#organization\",\"name\":\"Yanmar Europe\",\"url\":\"https:\\\/\\\/yanmarmarine.eu\\\/fr\\\/\",\"logo\":{\"@type\":\"ImageObject\",\"inLanguage\":\"fr-FR\",\"@id\":\"https:\\\/\\\/yanmarmarine.eu\\\/fr\\\/#\\\/schema\\\/logo\\\/image\\\/\",\"url\":\"https:\\\/\\\/yanmarmarine.eu\\\/wp-content\\\/uploads\\\/2026\\\/01\\\/YANMAR-logo_300x240.jpg\",\"contentUrl\":\"https:\\\/\\\/yanmarmarine.eu\\\/wp-content\\\/uploads\\\/2026\\\/01\\\/YANMAR-logo_300x240.jpg\",\"width\":300,\"height\":240,\"caption\":\"Yanmar Europe\"},\"image\":{\"@id\":\"https:\\\/\\\/yanmarmarine.eu\\\/fr\\\/#\\\/schema\\\/logo\\\/image\\\/\"},\"sameAs\":[\"https:\\\/\\\/www.facebook.com\\\/YANMARCM\",\"https:\\\/\\\/www.instagram.com\\\/yanmar_commercial_marine\\\/\",\"https:\\\/\\\/www.linkedin.com\\\/company\\\/2522277\\\/\"]}]}<\/script>\n<!-- \/ Yoast SEO Premium plugin. -->","yoast_head_json":{"title":"Service et assistance - Yanmar Europe Commercial Marine","robots":{"index":"index","follow":"follow","max-snippet":"max-snippet:-1","max-image-preview":"max-image-preview:large","max-video-preview":"max-video-preview:-1"},"canonical":"https:\/\/yanmarmarine.eu\/fr\/service-et-assistance\/","og_locale":"fr_FR","og_type":"article","og_title":"Service et assistance","og_description":"service et assistance L&rsquo;assistance Yanmar est toujours \u00e0 port\u00e9e de main Service mondial 24\/7, o\u00f9 que vous soyez Lorsque vous choisissez Yanmar, vous obtenez plus qu&rsquo;un simple moteur, vous obtenez [&hellip;]","og_url":"https:\/\/yanmarmarine.eu\/fr\/service-et-assistance\/","og_site_name":"Yanmar Europe Commercial Marine","article_publisher":"https:\/\/www.facebook.com\/YANMARCM","article_modified_time":"2026-01-14T11:24:56+00:00","og_image":[{"width":600,"height":400,"url":"https:\/\/i0.wp.com\/yanmarmarine.eu\/wp-content\/uploads\/2025\/08\/commercial-marine_engine_600x400.jpg?fit=600%2C400&ssl=1","type":"image\/jpeg"}],"twitter_card":"summary_large_image","twitter_misc":{"Dur\u00e9e de lecture estim\u00e9e":"2 minutes"},"schema":{"@context":"https:\/\/schema.org","@graph":[{"@type":"WebPage","@id":"https:\/\/yanmarmarine.eu\/fr\/service-et-assistance\/","url":"https:\/\/yanmarmarine.eu\/fr\/service-et-assistance\/","name":"Service et assistance - Yanmar Europe Commercial Marine","isPartOf":{"@id":"https:\/\/yanmarmarine.eu\/fr\/#website"},"primaryImageOfPage":{"@id":"https:\/\/yanmarmarine.eu\/fr\/service-et-assistance\/#primaryimage"},"image":{"@id":"https:\/\/yanmarmarine.eu\/fr\/service-et-assistance\/#primaryimage"},"thumbnailUrl":"https:\/\/yanmarmarine.eu\/wp-content\/uploads\/2025\/08\/commercial-marine_engine_600x400.jpg","datePublished":"2023-12-09T12:02:38+00:00","dateModified":"2026-01-14T11:24:56+00:00","breadcrumb":{"@id":"https:\/\/yanmarmarine.eu\/fr\/service-et-assistance\/#breadcrumb"},"inLanguage":"fr-FR","potentialAction":[{"@type":"ReadAction","target":["https:\/\/yanmarmarine.eu\/fr\/service-et-assistance\/"]}]},{"@type":"ImageObject","inLanguage":"fr-FR","@id":"https:\/\/yanmarmarine.eu\/fr\/service-et-assistance\/#primaryimage","url":"https:\/\/yanmarmarine.eu\/wp-content\/uploads\/2025\/08\/commercial-marine_engine_600x400.jpg","contentUrl":"https:\/\/yanmarmarine.eu\/wp-content\/uploads\/2025\/08\/commercial-marine_engine_600x400.jpg"},{"@type":"BreadcrumbList","@id":"https:\/\/yanmarmarine.eu\/fr\/service-et-assistance\/#breadcrumb","itemListElement":[{"@type":"ListItem","position":1,"name":"Accueil","item":"https:\/\/yanmarmarine.eu\/fr\/"},{"@type":"ListItem","position":2,"name":"Service et assistance"}]},{"@type":"WebSite","@id":"https:\/\/yanmarmarine.eu\/fr\/#website","url":"https:\/\/yanmarmarine.eu\/fr\/","name":"Yanmar Europe Commercial Marine","description":"","publisher":{"@id":"https:\/\/yanmarmarine.eu\/fr\/#organization"},"potentialAction":[{"@type":"SearchAction","target":{"@type":"EntryPoint","urlTemplate":"https:\/\/yanmarmarine.eu\/fr\/?s={search_term_string}"},"query-input":{"@type":"PropertyValueSpecification","valueRequired":true,"valueName":"search_term_string"}}],"inLanguage":"fr-FR"},{"@type":"Organization","@id":"https:\/\/yanmarmarine.eu\/fr\/#organization","name":"Yanmar Europe","url":"https:\/\/yanmarmarine.eu\/fr\/","logo":{"@type":"ImageObject","inLanguage":"fr-FR","@id":"https:\/\/yanmarmarine.eu\/fr\/#\/schema\/logo\/image\/","url":"https:\/\/yanmarmarine.eu\/wp-content\/uploads\/2026\/01\/YANMAR-logo_300x240.jpg","contentUrl":"https:\/\/yanmarmarine.eu\/wp-content\/uploads\/2026\/01\/YANMAR-logo_300x240.jpg","width":300,"height":240,"caption":"Yanmar Europe"},"image":{"@id":"https:\/\/yanmarmarine.eu\/fr\/#\/schema\/logo\/image\/"},"sameAs":["https:\/\/www.facebook.com\/YANMARCM","https:\/\/www.instagram.com\/yanmar_commercial_marine\/","https:\/\/www.linkedin.com\/company\/2522277\/"]}]}},"jetpack_sharing_enabled":true,"_links":{"self":[{"href":"https:\/\/yanmarmarine.eu\/fr\/wp-json\/wp\/v2\/pages\/7267","targetHints":{"allow":["GET"]}}],"collection":[{"href":"https:\/\/yanmarmarine.eu\/fr\/wp-json\/wp\/v2\/pages"}],"about":[{"href":"https:\/\/yanmarmarine.eu\/fr\/wp-json\/wp\/v2\/types\/page"}],"author":[{"embeddable":true,"href":"https:\/\/yanmarmarine.eu\/fr\/wp-json\/wp\/v2\/users\/25"}],"replies":[{"embeddable":true,"href":"https:\/\/yanmarmarine.eu\/fr\/wp-json\/wp\/v2\/comments?post=7267"}],"version-history":[{"count":2,"href":"https:\/\/yanmarmarine.eu\/fr\/wp-json\/wp\/v2\/pages\/7267\/revisions"}],"predecessor-version":[{"id":7318,"href":"https:\/\/yanmarmarine.eu\/fr\/wp-json\/wp\/v2\/pages\/7267\/revisions\/7318"}],"wp:attachment":[{"href":"https:\/\/yanmarmarine.eu\/fr\/wp-json\/wp\/v2\/media?parent=7267"}],"curies":[{"name":"wp","href":"https:\/\/api.w.org\/{rel}","templated":true}]}}