{"id":7287,"date":"2025-08-15T12:08:18","date_gmt":"2025-08-15T12:08:18","guid":{"rendered":"https:\/\/yanmarmarine.eu\/a-propos-de-nous\/projets\/"},"modified":"2026-01-14T12:08:27","modified_gmt":"2026-01-14T12:08:27","slug":"projets","status":"publish","type":"page","link":"https:\/\/yanmarmarine.eu\/fr\/a-propos-de-nous\/projets\/","title":{"rendered":"Projets"},"content":{"rendered":"\n<div class=\"wp-block-group\"><div class=\"wp-block-group__inner-container is-layout-constrained wp-block-group-is-layout-constrained\">\n<p class=\"has-text-align-center font-medium has-primary-color has-text-color has-link-color wp-elements-e55f352f4b45ff33346807630aa66322\" style=\"font-size:16px;text-transform:uppercase\">projets<\/p>\n\n\n\n<p class=\"has-text-align-center leading-55 has-black-color has-text-color has-link-color has-x-large-font-size wp-elements-b56e5da3870fe93f57a963b6a19745a2\"><strong>Propuls\u00e9 par Yanmar<\/strong><\/p>\n<\/div><\/div>\n\n<div class=\"wp-block-group\"><div class=\"wp-block-group__inner-container is-layout-constrained wp-block-group-is-layout-constrained\">\n<section class=\"b-block b-news-grid \" data-block_26848ce01eee8f8d170e15001c53849c >\n  <div class=\"c-post-items is-grid b-warranty-news\">\n    <ul class=\"o-list-bare c-post-items__list\">\n                  <li class=\"c-search__results-item c-card c-post-item c-post-item--post\">\n  <div class=\"c-post-item__image\">\n    <figure class=\"c-card__image-wrapper\">\n      <a href=\"https:\/\/yanmarmarine.eu\/fr\/kapp-linne\/\" tabindex=\"-1\" aria-label=\"Read more about Kapp Linn\u00e9\">\n                  <img decoding=\"async\" width=\"355\" height=\"200\" src=\"https:\/\/i0.wp.com\/yanmarmarine.eu\/wp-content\/uploads\/2026\/01\/yanmar_KappLinne_355x200.jpg?resize=355%2C200&amp;ssl=1\" class=\"wp-image c-card__image\" alt=\"\" srcset=\"https:\/\/i0.wp.com\/yanmarmarine.eu\/wp-content\/uploads\/2026\/01\/yanmar_KappLinne_355x200.jpg?w=355&amp;ssl=1 355w, https:\/\/i0.wp.com\/yanmarmarine.eu\/wp-content\/uploads\/2026\/01\/yanmar_KappLinne_355x200.jpg?resize=300%2C169&amp;ssl=1 300w\" sizes=\"(max-width: 355px) 100vw, 355px\" \/>\n              <\/a>\n    <\/figure>\n  <\/div>\n\n  <div class=\"c-card__content\">\n    <a href=\"https:\/\/yanmarmarine.eu\/fr\/kapp-linne\/\" tabindex=\"-1\" class=\"c-post-item__link\">\n      <h2 class=\"c-card__title\">\n        Kapp Linn\u00e9\n      <\/h2>\n\n              <time datetime=\"2026-01-07T14:25:42+00:00\"  class=\"c-post-item__date\">\n          7 janvier 2026\n        <\/time>\n      \n              <div class=\"c-card__copy\">\n          <p>Le Kapp Linn\u00e9 est un navire de p\u00eache de 51 m\u00e8tres actuellement en cours d&rsquo;armement \u00e0 Larsnes Mek. Avec une largeur de 12 m\u00e8tres, le&#8230;<\/p>\n        <\/div>\n          <\/a>\n\n    <div class=\"c-post-item__bottom\">\n                        \n<span><\/span>\n              \n              <div class=\"c-card__tags\">\n                                    <a href=\"https:\/\/yanmarmarine.eu\/fr\/tag\/6ey26w\/\" class=\"c-card__tag\">6ey26w<\/a>\n                                                <a href=\"https:\/\/yanmarmarine.eu\/fr\/tag\/peche\/\" class=\"c-card__tag\">p\u00eache<\/a>\n                              <\/div>\n          <\/div>\n  <\/div>\n<\/li>\n                  <li class=\"c-search__results-item c-card c-post-item c-post-item--post\">\n  <div class=\"c-post-item__image\">\n    <figure class=\"c-card__image-wrapper\">\n      <a href=\"https:\/\/yanmarmarine.eu\/fr\/elias-johan\/\" tabindex=\"-1\" aria-label=\"Read more about Elias Johan\">\n                  <img decoding=\"async\" width=\"355\" height=\"200\" src=\"https:\/\/i0.wp.com\/yanmarmarine.eu\/wp-content\/uploads\/2026\/01\/yanmar_Elias-Johan_355x200.jpg?resize=355%2C200&amp;ssl=1\" class=\"wp-image c-card__image\" alt=\"\" srcset=\"https:\/\/i0.wp.com\/yanmarmarine.eu\/wp-content\/uploads\/2026\/01\/yanmar_Elias-Johan_355x200.jpg?w=355&amp;ssl=1 355w, https:\/\/i0.wp.com\/yanmarmarine.eu\/wp-content\/uploads\/2026\/01\/yanmar_Elias-Johan_355x200.jpg?resize=300%2C169&amp;ssl=1 300w\" sizes=\"(max-width: 355px) 100vw, 355px\" \/>\n              <\/a>\n    <\/figure>\n  <\/div>\n\n  <div class=\"c-card__content\">\n    <a href=\"https:\/\/yanmarmarine.eu\/fr\/elias-johan\/\" tabindex=\"-1\" class=\"c-post-item__link\">\n      <h2 class=\"c-card__title\">\n        Elias Johan\n      <\/h2>\n\n              <time datetime=\"2025-12-18T14:42:10+00:00\"  class=\"c-post-item__date\">\n          18 d\u00e9cembre 2025\n        <\/time>\n      \n              <div class=\"c-card__copy\">\n          <p>Elias Johan est un nouveau senneur de 50,5 m\u00e8tres construit pour Benonisen Fiskeri AS. Con\u00e7u et construit par Vestv\u00e6rftet ApS, le navire est con\u00e7u pour&#8230;<\/p>\n        <\/div>\n          <\/a>\n\n    <div class=\"c-post-item__bottom\">\n                        \n<span><\/span>\n              \n              <div class=\"c-card__tags\">\n                                    <a href=\"https:\/\/yanmarmarine.eu\/fr\/tag\/6ey26w\/\" class=\"c-card__tag\">6ey26w<\/a>\n                                                <a href=\"https:\/\/yanmarmarine.eu\/fr\/tag\/peche\/\" class=\"c-card__tag\">p\u00eache<\/a>\n                                                                          <\/div>\n          <\/div>\n  <\/div>\n<\/li>\n                  <li class=\"c-search__results-item c-card c-post-item c-post-item--post\">\n  <div class=\"c-post-item__image\">\n    <figure class=\"c-card__image-wrapper\">\n      <a href=\"https:\/\/yanmarmarine.eu\/fr\/aigle-des-grampians\/\" tabindex=\"-1\" aria-label=\"Read more about Aigle des Grampians\">\n                  <img decoding=\"async\" width=\"355\" height=\"200\" src=\"https:\/\/i0.wp.com\/yanmarmarine.eu\/wp-content\/uploads\/2025\/11\/yanmar_Grampian-Eagle_355x200.jpg?resize=355%2C200&amp;ssl=1\" class=\"wp-image c-card__image\" alt=\"\" srcset=\"https:\/\/i0.wp.com\/yanmarmarine.eu\/wp-content\/uploads\/2025\/11\/yanmar_Grampian-Eagle_355x200.jpg?w=355&amp;ssl=1 355w, https:\/\/i0.wp.com\/yanmarmarine.eu\/wp-content\/uploads\/2025\/11\/yanmar_Grampian-Eagle_355x200.jpg?resize=300%2C169&amp;ssl=1 300w\" sizes=\"(max-width: 355px) 100vw, 355px\" \/>\n              <\/a>\n    <\/figure>\n  <\/div>\n\n  <div class=\"c-card__content\">\n    <a href=\"https:\/\/yanmarmarine.eu\/fr\/aigle-des-grampians\/\" tabindex=\"-1\" class=\"c-post-item__link\">\n      <h2 class=\"c-card__title\">\n        Aigle des Grampians\n      <\/h2>\n\n              <time datetime=\"2025-11-05T08:08:30+00:00\"  class=\"c-post-item__date\">\n          5 novembre 2025\n        <\/time>\n      \n              <div class=\"c-card__copy\">\n          <p>Le Grampian Eagle est un navire de service et d&rsquo;op\u00e9ration de mise en service (CSOV) de 95 m\u00e8tres de long, con\u00e7u pour soutenir la mise&#8230;<\/p>\n        <\/div>\n          <\/a>\n\n    <div class=\"c-post-item__bottom\">\n                        \n<span><\/span>\n              \n              <div class=\"c-card__tags\">\n                                    <a href=\"https:\/\/yanmarmarine.eu\/fr\/tag\/6ey22alws\/\" class=\"c-card__tag\">6ey22alws<\/a>\n                                                <a href=\"https:\/\/yanmarmarine.eu\/fr\/tag\/csov\/\" class=\"c-card__tag\">csov<\/a>\n                                                    <\/div>\n          <\/div>\n  <\/div>\n<\/li>\n                  <li class=\"c-search__results-item c-card c-post-item c-post-item--post\">\n  <div class=\"c-post-item__image\">\n    <figure class=\"c-card__image-wrapper\">\n      <a href=\"https:\/\/yanmarmarine.eu\/fr\/grampian-tweed\/\" tabindex=\"-1\" aria-label=\"Read more about Grampian Tweed\">\n                  <img decoding=\"async\" width=\"375\" height=\"225\" src=\"https:\/\/i0.wp.com\/yanmarmarine.eu\/wp-content\/uploads\/2025\/01\/grampian-tweed_375x225.jpg?resize=375%2C225&amp;ssl=1\" class=\"wp-image c-card__image\" alt=\"\" srcset=\"https:\/\/i0.wp.com\/yanmarmarine.eu\/wp-content\/uploads\/2025\/01\/grampian-tweed_375x225.jpg?w=375&amp;ssl=1 375w, https:\/\/i0.wp.com\/yanmarmarine.eu\/wp-content\/uploads\/2025\/01\/grampian-tweed_375x225.jpg?resize=300%2C180&amp;ssl=1 300w\" sizes=\"(max-width: 375px) 100vw, 375px\" \/>\n              <\/a>\n    <\/figure>\n  <\/div>\n\n  <div class=\"c-card__content\">\n    <a href=\"https:\/\/yanmarmarine.eu\/fr\/grampian-tweed\/\" tabindex=\"-1\" class=\"c-post-item__link\">\n      <h2 class=\"c-card__title\">\n        Grampian Tweed\n      <\/h2>\n\n              <time datetime=\"2025-01-15T13:18:10+00:00\"  class=\"c-post-item__date\">\n          15 janvier 2025\n        <\/time>\n      \n              <div class=\"c-card__copy\">\n          <p>Le Grampian Tweed est le quatri\u00e8me navire d&rsquo;op\u00e9ration de service (SOV) mis en service pour soutenir le parc \u00e9olien de Dogger Bank. Exploit\u00e9 par North&#8230;<\/p>\n        <\/div>\n          <\/a>\n\n    <div class=\"c-post-item__bottom\">\n                        \n<span><\/span>\n              \n              <div class=\"c-card__tags\">\n                                    <a href=\"https:\/\/yanmarmarine.eu\/fr\/tag\/6ey26ws\/\" class=\"c-card__tag\">6ey26ws<\/a>\n                                                <a href=\"https:\/\/yanmarmarine.eu\/fr\/tag\/navire-de-service\/\" class=\"c-card__tag\">navire de service<\/a>\n                              <\/div>\n          <\/div>\n  <\/div>\n<\/li>\n                  <li class=\"c-search__results-item c-card c-post-item c-post-item--post\">\n  <div class=\"c-post-item__image\">\n    <figure class=\"c-card__image-wrapper\">\n      <a href=\"https:\/\/yanmarmarine.eu\/fr\/inuksuk-ii\/\" tabindex=\"-1\" aria-label=\"Read more about Inuksuk II\">\n                  <img decoding=\"async\" width=\"375\" height=\"225\" src=\"https:\/\/i0.wp.com\/yanmarmarine.eu\/wp-content\/uploads\/2025\/01\/inuksukII_375x225.jpg?resize=375%2C225&amp;ssl=1\" class=\"wp-image c-card__image\" alt=\"\" srcset=\"https:\/\/i0.wp.com\/yanmarmarine.eu\/wp-content\/uploads\/2025\/01\/inuksukII_375x225.jpg?w=375&amp;ssl=1 375w, https:\/\/i0.wp.com\/yanmarmarine.eu\/wp-content\/uploads\/2025\/01\/inuksukII_375x225.jpg?resize=300%2C180&amp;ssl=1 300w\" sizes=\"(max-width: 375px) 100vw, 375px\" \/>\n              <\/a>\n    <\/figure>\n  <\/div>\n\n  <div class=\"c-card__content\">\n    <a href=\"https:\/\/yanmarmarine.eu\/fr\/inuksuk-ii\/\" tabindex=\"-1\" class=\"c-post-item__link\">\n      <h2 class=\"c-card__title\">\n        Inuksuk II\n      <\/h2>\n\n              <time datetime=\"2025-01-15T12:52:36+00:00\"  class=\"c-post-item__date\">\n          15 janvier 2025\n        <\/time>\n      \n              <div class=\"c-card__copy\">\n          <p>L&rsquo;Inuksuk II est un nouveau chalutier \u00e0 p\u00eache arri\u00e8re de 80 m\u00e8tres livr\u00e9 \u00e0 Baffin Fisheries et construit par le chantier naval de Tersan. Il&#8230;<\/p>\n        <\/div>\n          <\/a>\n\n    <div class=\"c-post-item__bottom\">\n                        \n<span><\/span>\n              \n              <div class=\"c-card__tags\">\n                                    <a href=\"https:\/\/yanmarmarine.eu\/fr\/tag\/6ey22alw\/\" class=\"c-card__tag\">6ey22alw<\/a>\n                                                <a href=\"https:\/\/yanmarmarine.eu\/fr\/tag\/peche\/\" class=\"c-card__tag\">p\u00eache<\/a>\n                              <\/div>\n          <\/div>\n  <\/div>\n<\/li>\n                  <li class=\"c-search__results-item c-card c-post-item c-post-item--post\">\n  <div class=\"c-post-item__image\">\n    <figure class=\"c-card__image-wrapper\">\n      <a href=\"https:\/\/yanmarmarine.eu\/fr\/jarle-berg\/\" tabindex=\"-1\" aria-label=\"Read more about Jarle Berg\">\n                  <img decoding=\"async\" width=\"375\" height=\"225\" src=\"https:\/\/i0.wp.com\/yanmarmarine.eu\/wp-content\/uploads\/2025\/01\/jarle-berg_375x225.jpg?resize=375%2C225&amp;ssl=1\" class=\"wp-image c-card__image\" alt=\"\" srcset=\"https:\/\/i0.wp.com\/yanmarmarine.eu\/wp-content\/uploads\/2025\/01\/jarle-berg_375x225.jpg?w=375&amp;ssl=1 375w, https:\/\/i0.wp.com\/yanmarmarine.eu\/wp-content\/uploads\/2025\/01\/jarle-berg_375x225.jpg?resize=300%2C180&amp;ssl=1 300w\" sizes=\"(max-width: 375px) 100vw, 375px\" \/>\n              <\/a>\n    <\/figure>\n  <\/div>\n\n  <div class=\"c-card__content\">\n    <a href=\"https:\/\/yanmarmarine.eu\/fr\/jarle-berg\/\" tabindex=\"-1\" class=\"c-post-item__link\">\n      <h2 class=\"c-card__title\">\n        Jarle Berg\n      <\/h2>\n\n              <time datetime=\"2024-07-10T13:35:52+00:00\"  class=\"c-post-item__date\">\n          10 juillet 2024\n        <\/time>\n      \n              <div class=\"c-card__copy\">\n          <p>Jarle Berg est un nouveau senneur \u00e0 senne coulissante livr\u00e9 \u00e0 Jarle Bergs S\u00f8nner et construit par Larsnes Mek Verksted. Con\u00e7u par Skipskompetanse, le navire&#8230;<\/p>\n        <\/div>\n          <\/a>\n\n    <div class=\"c-post-item__bottom\">\n                        \n<span><\/span>\n              \n              <div class=\"c-card__tags\">\n                                    <a href=\"https:\/\/yanmarmarine.eu\/fr\/tag\/6ey26ws\/\" class=\"c-card__tag\">6ey26ws<\/a>\n                                                <a href=\"https:\/\/yanmarmarine.eu\/fr\/tag\/gommage\/\" class=\"c-card__tag\">gommage<\/a>\n                              <\/div>\n          <\/div>\n  <\/div>\n<\/li>\n                  <li class=\"c-search__results-item c-card c-post-item c-post-item--post\">\n  <div class=\"c-post-item__image\">\n    <figure class=\"c-card__image-wrapper\">\n      <a href=\"https:\/\/yanmarmarine.eu\/fr\/polarbris\/\" tabindex=\"-1\" aria-label=\"Read more about Polarbris\">\n                  <img decoding=\"async\" width=\"375\" height=\"225\" src=\"https:\/\/i0.wp.com\/yanmarmarine.eu\/wp-content\/uploads\/2025\/01\/polarbris_375x225.jpg?resize=375%2C225&amp;ssl=1\" class=\"wp-image c-card__image\" alt=\"\" srcset=\"https:\/\/i0.wp.com\/yanmarmarine.eu\/wp-content\/uploads\/2025\/01\/polarbris_375x225.jpg?w=375&amp;ssl=1 375w, https:\/\/i0.wp.com\/yanmarmarine.eu\/wp-content\/uploads\/2025\/01\/polarbris_375x225.jpg?resize=300%2C180&amp;ssl=1 300w\" sizes=\"(max-width: 375px) 100vw, 375px\" \/>\n              <\/a>\n    <\/figure>\n  <\/div>\n\n  <div class=\"c-card__content\">\n    <a href=\"https:\/\/yanmarmarine.eu\/fr\/polarbris\/\" tabindex=\"-1\" class=\"c-post-item__link\">\n      <h2 class=\"c-card__title\">\n        Polarbris\n      <\/h2>\n\n              <time datetime=\"2024-06-12T15:30:00+00:00\"  class=\"c-post-item__date\">\n          12 juin 2024\n        <\/time>\n      \n              <div class=\"c-card__copy\">\n          <p>Le Polarbris est un navire de p\u00eache mixte de 43,5 m\u00e8tres construit pour Atlantic Seafish. Con\u00e7u pour la p\u00eache au chalut, \u00e0 la senne et&#8230;<\/p>\n        <\/div>\n          <\/a>\n\n    <div class=\"c-post-item__bottom\">\n                        \n<span><\/span>\n              \n              <div class=\"c-card__tags\">\n                                    <a href=\"https:\/\/yanmarmarine.eu\/fr\/tag\/6ey22aws\/\" class=\"c-card__tag\">6ey22aws<\/a>\n                                                <a href=\"https:\/\/yanmarmarine.eu\/fr\/tag\/gommage\/\" class=\"c-card__tag\">gommage<\/a>\n                                                    <\/div>\n          <\/div>\n  <\/div>\n<\/li>\n          <\/ul>\n  <\/div>\n\n  <\/section>\n\n<\/div><\/div>\n\n<div class=\"wp-block-buttons is-content-justification-center is-layout-flex wp-container-core-buttons-is-layout-16018d1d wp-block-buttons-is-layout-flex\">\n<div class=\"wp-block-button\"><a class=\"wp-block-button__link wp-element-button\" href=\"https:\/\/yanmarmarine.eu\/fr\/category\/archives-des-projets\/\">Voir tous les projets<\/a><\/div>\n<\/div>\n\n<div style=\"height:100px\" aria-hidden=\"true\" class=\"wp-block-spacer\"><\/div>\n","protected":false},"excerpt":{"rendered":"<p>projets Propuls\u00e9 par Yanmar<\/p>\n","protected":false},"author":21,"featured_media":0,"parent":7266,"menu_order":0,"comment_status":"closed","ping_status":"closed","template":"","meta":{"_acf_changed":false,"footnotes":""},"class_list":["post-7287","page","type-page","status-publish","hentry"],"acf":[],"yoast_head":"<!-- This site is optimized with the Yoast SEO Premium plugin v24.0 (Yoast SEO v27.3) - https:\/\/yoast.com\/product\/yoast-seo-premium-wordpress\/ -->\n<title>Projets - Yanmar Europe Commercial Marine<\/title>\n<meta name=\"robots\" content=\"index, follow, max-snippet:-1, max-image-preview:large, max-video-preview:-1\" \/>\n<link rel=\"canonical\" href=\"https:\/\/yanmarmarine.eu\/fr\/a-propos-de-nous\/projets\/\" \/>\n<meta property=\"og:locale\" content=\"fr_FR\" \/>\n<meta property=\"og:type\" content=\"article\" \/>\n<meta property=\"og:title\" content=\"Projets\" \/>\n<meta property=\"og:description\" content=\"projets Propuls\u00e9 par Yanmar\" \/>\n<meta property=\"og:url\" content=\"https:\/\/yanmarmarine.eu\/fr\/a-propos-de-nous\/projets\/\" \/>\n<meta property=\"og:site_name\" content=\"Yanmar Europe Commercial Marine\" \/>\n<meta property=\"article:publisher\" content=\"https:\/\/www.facebook.com\/YANMARCM\" \/>\n<meta property=\"article:modified_time\" content=\"2026-01-14T12:08:27+00:00\" \/>\n<meta name=\"twitter:card\" content=\"summary_large_image\" \/>\n<script type=\"application\/ld+json\" class=\"yoast-schema-graph\">{\"@context\":\"https:\\\/\\\/schema.org\",\"@graph\":[{\"@type\":\"WebPage\",\"@id\":\"https:\\\/\\\/yanmarmarine.eu\\\/fr\\\/a-propos-de-nous\\\/projets\\\/\",\"url\":\"https:\\\/\\\/yanmarmarine.eu\\\/fr\\\/a-propos-de-nous\\\/projets\\\/\",\"name\":\"Projets - Yanmar Europe Commercial Marine\",\"isPartOf\":{\"@id\":\"https:\\\/\\\/yanmarmarine.eu\\\/fr\\\/#website\"},\"datePublished\":\"2025-08-15T12:08:18+00:00\",\"dateModified\":\"2026-01-14T12:08:27+00:00\",\"breadcrumb\":{\"@id\":\"https:\\\/\\\/yanmarmarine.eu\\\/fr\\\/a-propos-de-nous\\\/projets\\\/#breadcrumb\"},\"inLanguage\":\"fr-FR\",\"potentialAction\":[{\"@type\":\"ReadAction\",\"target\":[\"https:\\\/\\\/yanmarmarine.eu\\\/fr\\\/a-propos-de-nous\\\/projets\\\/\"]}]},{\"@type\":\"BreadcrumbList\",\"@id\":\"https:\\\/\\\/yanmarmarine.eu\\\/fr\\\/a-propos-de-nous\\\/projets\\\/#breadcrumb\",\"itemListElement\":[{\"@type\":\"ListItem\",\"position\":1,\"name\":\"Accueil\",\"item\":\"https:\\\/\\\/yanmarmarine.eu\\\/fr\\\/\"},{\"@type\":\"ListItem\",\"position\":2,\"name\":\"A propos de nous\",\"item\":\"https:\\\/\\\/yanmarmarine.eu\\\/fr\\\/a-propos-de-nous\\\/\"},{\"@type\":\"ListItem\",\"position\":3,\"name\":\"Projets\"}]},{\"@type\":\"WebSite\",\"@id\":\"https:\\\/\\\/yanmarmarine.eu\\\/fr\\\/#website\",\"url\":\"https:\\\/\\\/yanmarmarine.eu\\\/fr\\\/\",\"name\":\"Yanmar Europe Commercial Marine\",\"description\":\"\",\"publisher\":{\"@id\":\"https:\\\/\\\/yanmarmarine.eu\\\/fr\\\/#organization\"},\"potentialAction\":[{\"@type\":\"SearchAction\",\"target\":{\"@type\":\"EntryPoint\",\"urlTemplate\":\"https:\\\/\\\/yanmarmarine.eu\\\/fr\\\/?s={search_term_string}\"},\"query-input\":{\"@type\":\"PropertyValueSpecification\",\"valueRequired\":true,\"valueName\":\"search_term_string\"}}],\"inLanguage\":\"fr-FR\"},{\"@type\":\"Organization\",\"@id\":\"https:\\\/\\\/yanmarmarine.eu\\\/fr\\\/#organization\",\"name\":\"Yanmar Europe\",\"url\":\"https:\\\/\\\/yanmarmarine.eu\\\/fr\\\/\",\"logo\":{\"@type\":\"ImageObject\",\"inLanguage\":\"fr-FR\",\"@id\":\"https:\\\/\\\/yanmarmarine.eu\\\/fr\\\/#\\\/schema\\\/logo\\\/image\\\/\",\"url\":\"https:\\\/\\\/yanmarmarine.eu\\\/wp-content\\\/uploads\\\/2026\\\/01\\\/YANMAR-logo_300x240.jpg\",\"contentUrl\":\"https:\\\/\\\/yanmarmarine.eu\\\/wp-content\\\/uploads\\\/2026\\\/01\\\/YANMAR-logo_300x240.jpg\",\"width\":300,\"height\":240,\"caption\":\"Yanmar Europe\"},\"image\":{\"@id\":\"https:\\\/\\\/yanmarmarine.eu\\\/fr\\\/#\\\/schema\\\/logo\\\/image\\\/\"},\"sameAs\":[\"https:\\\/\\\/www.facebook.com\\\/YANMARCM\",\"https:\\\/\\\/www.instagram.com\\\/yanmar_commercial_marine\\\/\",\"https:\\\/\\\/www.linkedin.com\\\/company\\\/2522277\\\/\"]}]}<\/script>\n<!-- \/ Yoast SEO Premium plugin. -->","yoast_head_json":{"title":"Projets - Yanmar Europe Commercial Marine","robots":{"index":"index","follow":"follow","max-snippet":"max-snippet:-1","max-image-preview":"max-image-preview:large","max-video-preview":"max-video-preview:-1"},"canonical":"https:\/\/yanmarmarine.eu\/fr\/a-propos-de-nous\/projets\/","og_locale":"fr_FR","og_type":"article","og_title":"Projets","og_description":"projets Propuls\u00e9 par Yanmar","og_url":"https:\/\/yanmarmarine.eu\/fr\/a-propos-de-nous\/projets\/","og_site_name":"Yanmar Europe Commercial Marine","article_publisher":"https:\/\/www.facebook.com\/YANMARCM","article_modified_time":"2026-01-14T12:08:27+00:00","twitter_card":"summary_large_image","schema":{"@context":"https:\/\/schema.org","@graph":[{"@type":"WebPage","@id":"https:\/\/yanmarmarine.eu\/fr\/a-propos-de-nous\/projets\/","url":"https:\/\/yanmarmarine.eu\/fr\/a-propos-de-nous\/projets\/","name":"Projets - Yanmar Europe Commercial Marine","isPartOf":{"@id":"https:\/\/yanmarmarine.eu\/fr\/#website"},"datePublished":"2025-08-15T12:08:18+00:00","dateModified":"2026-01-14T12:08:27+00:00","breadcrumb":{"@id":"https:\/\/yanmarmarine.eu\/fr\/a-propos-de-nous\/projets\/#breadcrumb"},"inLanguage":"fr-FR","potentialAction":[{"@type":"ReadAction","target":["https:\/\/yanmarmarine.eu\/fr\/a-propos-de-nous\/projets\/"]}]},{"@type":"BreadcrumbList","@id":"https:\/\/yanmarmarine.eu\/fr\/a-propos-de-nous\/projets\/#breadcrumb","itemListElement":[{"@type":"ListItem","position":1,"name":"Accueil","item":"https:\/\/yanmarmarine.eu\/fr\/"},{"@type":"ListItem","position":2,"name":"A propos de nous","item":"https:\/\/yanmarmarine.eu\/fr\/a-propos-de-nous\/"},{"@type":"ListItem","position":3,"name":"Projets"}]},{"@type":"WebSite","@id":"https:\/\/yanmarmarine.eu\/fr\/#website","url":"https:\/\/yanmarmarine.eu\/fr\/","name":"Yanmar Europe Commercial Marine","description":"","publisher":{"@id":"https:\/\/yanmarmarine.eu\/fr\/#organization"},"potentialAction":[{"@type":"SearchAction","target":{"@type":"EntryPoint","urlTemplate":"https:\/\/yanmarmarine.eu\/fr\/?s={search_term_string}"},"query-input":{"@type":"PropertyValueSpecification","valueRequired":true,"valueName":"search_term_string"}}],"inLanguage":"fr-FR"},{"@type":"Organization","@id":"https:\/\/yanmarmarine.eu\/fr\/#organization","name":"Yanmar Europe","url":"https:\/\/yanmarmarine.eu\/fr\/","logo":{"@type":"ImageObject","inLanguage":"fr-FR","@id":"https:\/\/yanmarmarine.eu\/fr\/#\/schema\/logo\/image\/","url":"https:\/\/yanmarmarine.eu\/wp-content\/uploads\/2026\/01\/YANMAR-logo_300x240.jpg","contentUrl":"https:\/\/yanmarmarine.eu\/wp-content\/uploads\/2026\/01\/YANMAR-logo_300x240.jpg","width":300,"height":240,"caption":"Yanmar Europe"},"image":{"@id":"https:\/\/yanmarmarine.eu\/fr\/#\/schema\/logo\/image\/"},"sameAs":["https:\/\/www.facebook.com\/YANMARCM","https:\/\/www.instagram.com\/yanmar_commercial_marine\/","https:\/\/www.linkedin.com\/company\/2522277\/"]}]}},"jetpack_sharing_enabled":true,"_links":{"self":[{"href":"https:\/\/yanmarmarine.eu\/fr\/wp-json\/wp\/v2\/pages\/7287","targetHints":{"allow":["GET"]}}],"collection":[{"href":"https:\/\/yanmarmarine.eu\/fr\/wp-json\/wp\/v2\/pages"}],"about":[{"href":"https:\/\/yanmarmarine.eu\/fr\/wp-json\/wp\/v2\/types\/page"}],"author":[{"embeddable":true,"href":"https:\/\/yanmarmarine.eu\/fr\/wp-json\/wp\/v2\/users\/21"}],"replies":[{"embeddable":true,"href":"https:\/\/yanmarmarine.eu\/fr\/wp-json\/wp\/v2\/comments?post=7287"}],"version-history":[{"count":2,"href":"https:\/\/yanmarmarine.eu\/fr\/wp-json\/wp\/v2\/pages\/7287\/revisions"}],"predecessor-version":[{"id":7456,"href":"https:\/\/yanmarmarine.eu\/fr\/wp-json\/wp\/v2\/pages\/7287\/revisions\/7456"}],"up":[{"embeddable":true,"href":"https:\/\/yanmarmarine.eu\/fr\/wp-json\/wp\/v2\/pages\/7266"}],"wp:attachment":[{"href":"https:\/\/yanmarmarine.eu\/fr\/wp-json\/wp\/v2\/media?parent=7287"}],"curies":[{"name":"wp","href":"https:\/\/api.w.org\/{rel}","templated":true}]}}