{"id":7702,"date":"2025-06-05T06:52:10","date_gmt":"2025-06-05T06:52:10","guid":{"rendered":"https:\/\/yanmarmarine.eu\/temoignages\/"},"modified":"2026-01-14T12:27:39","modified_gmt":"2026-01-14T12:27:39","slug":"temoignages","status":"publish","type":"page","link":"https:\/\/yanmarmarine.eu\/fr\/temoignages\/","title":{"rendered":"T\u00e9moignages"},"content":{"rendered":"\n<div class=\"wp-block-group\"><div class=\"wp-block-group__inner-container is-layout-constrained wp-block-group-is-layout-constrained\">\n<p class=\"has-text-align-center font-medium has-primary-color has-text-color has-link-color wp-elements-1647b67e583c59452ab332f981264245\" style=\"font-size:16px;text-transform:uppercase\">TESTIMONIALES<\/p>\n\n\n\n<p class=\"has-text-align-center leading-55 has-black-color has-text-color has-link-color has-x-large-font-size wp-elements-1618de3a6824c0a103d82481bbc04f08\"><strong>La puissance \u00e9prouv\u00e9e de Yanmar en mer<\/strong><\/p>\n<\/div><\/div>\n\n<div class=\"wp-block-group\"><div class=\"wp-block-group__inner-container is-layout-constrained wp-block-group-is-layout-constrained\">\n<section class=\"b-block b-news-grid \" data-block_66b1fcc175ab774e4417d3a7b313b977 >\n  <div class=\"c-post-items is-grid b-warranty-news\">\n    <ul class=\"o-list-bare c-post-items__list\">\n                  <li class=\"c-search__results-item c-card c-post-item c-post-item--post\">\n  <div class=\"c-post-item__image\">\n    <figure class=\"c-card__image-wrapper\">\n      <a href=\"https:\/\/yanmarmarine.eu\/fr\/yanmar-equipe-lorca-yka\/\" tabindex=\"-1\" aria-label=\"Read more about Yanmar \u00e9quipe l&rsquo;Orca Yka\">\n                  <img decoding=\"async\" width=\"500\" height=\"300\" src=\"https:\/\/i0.wp.com\/yanmarmarine.eu\/wp-content\/uploads\/2022\/04\/orca_yka_500x300.jpg?resize=500%2C300&amp;ssl=1\" class=\"wp-image c-card__image\" alt=\"\" srcset=\"https:\/\/i0.wp.com\/yanmarmarine.eu\/wp-content\/uploads\/2022\/04\/orca_yka_500x300.jpg?w=500&amp;ssl=1 500w, https:\/\/i0.wp.com\/yanmarmarine.eu\/wp-content\/uploads\/2022\/04\/orca_yka_500x300.jpg?resize=300%2C180&amp;ssl=1 300w\" sizes=\"(max-width: 500px) 100vw, 500px\" \/>\n              <\/a>\n    <\/figure>\n  <\/div>\n\n  <div class=\"c-card__content\">\n    <a href=\"https:\/\/yanmarmarine.eu\/fr\/yanmar-equipe-lorca-yka\/\" tabindex=\"-1\" class=\"c-post-item__link\">\n      <h2 class=\"c-card__title\">\n        Yanmar \u00e9quipe l&rsquo;Orca Yka\n      <\/h2>\n\n              <time datetime=\"2022-04-18T08:23:00+00:00\"  class=\"c-post-item__date\">\n          18 avril 2022\n        <\/time>\n      \n              <div class=\"c-card__copy\">\n          <p>Apr\u00e8s la c\u00e9r\u00e9monie officielle de bapt\u00eame au chantier naval Larsnes Mek. Verksted AS le 26 mars, le MV Orca Yka sera bient\u00f4t en route vers&#8230;<\/p>\n        <\/div>\n          <\/a>\n\n    <div class=\"c-post-item__bottom\">\n                        \n<span><\/span>\n              \n              <div class=\"c-card__tags\">\n                                    <a href=\"https:\/\/yanmarmarine.eu\/fr\/tag\/6ey33w\/\" class=\"c-card__tag\">6ey33w<\/a>\n                              <\/div>\n          <\/div>\n  <\/div>\n<\/li>\n                  <li class=\"c-search__results-item c-card c-post-item c-post-item--post\">\n  <div class=\"c-post-item__image\">\n    <figure class=\"c-card__image-wrapper\">\n      <a href=\"https:\/\/yanmarmarine.eu\/fr\/un-bateau-puits-equipe-de-groupes-electrogenes-yanmar-commence-a-travailler\/\" tabindex=\"-1\" aria-label=\"Read more about Un bateau-puits \u00e9quip\u00e9 de groupes \u00e9lectrog\u00e8nes Yanmar commence \u00e0 travailler\">\n                  <img decoding=\"async\" width=\"768\" height=\"576\" src=\"https:\/\/i0.wp.com\/yanmarmarine.eu\/wp-content\/uploads\/2024\/05\/Gaso1-1.jpg?resize=768%2C576&amp;ssl=1\" class=\"wp-image c-card__image\" alt=\"\" \/>\n              <\/a>\n    <\/figure>\n  <\/div>\n\n  <div class=\"c-card__content\">\n    <a href=\"https:\/\/yanmarmarine.eu\/fr\/un-bateau-puits-equipe-de-groupes-electrogenes-yanmar-commence-a-travailler\/\" tabindex=\"-1\" class=\"c-post-item__link\">\n      <h2 class=\"c-card__title\">\n        Un bateau-puits \u00e9quip\u00e9 de groupes \u00e9lectrog\u00e8nes Yanmar commence \u00e0 travailler\n      <\/h2>\n\n              <time datetime=\"2022-01-25T14:01:00+00:00\"  class=\"c-post-item__date\">\n          25 janvier 2022\n        <\/time>\n      \n              <div class=\"c-card__copy\">\n          <p>Apr\u00e8s avoir pass\u00e9 l&rsquo;inspection technique, le bateau-puits G\u00e5s\u00f8 H\u00f8vding est entr\u00e9 en service. Construit par le chantier naval Sefine en Turquie selon un plan de&#8230;<\/p>\n        <\/div>\n          <\/a>\n\n    <div class=\"c-post-item__bottom\">\n                        \n<span><\/span>\n              \n              <div class=\"c-card__tags\">\n                                    <a href=\"https:\/\/yanmarmarine.eu\/fr\/tag\/6ey22alws\/\" class=\"c-card__tag\">6ey22alws<\/a>\n                                                <a href=\"https:\/\/yanmarmarine.eu\/fr\/tag\/bateau-a-fond-plat\/\" class=\"c-card__tag\">bateau \u00e0 fond plat<\/a>\n                                                    <\/div>\n          <\/div>\n  <\/div>\n<\/li>\n                  <li class=\"c-search__results-item c-card c-post-item c-post-item--post\">\n  <div class=\"c-post-item__image\">\n    <figure class=\"c-card__image-wrapper\">\n      <a href=\"https:\/\/yanmarmarine.eu\/fr\/les-moteurs-yanmar-propulsent-un-nouveau-palangrier-hypermoderne-en-norvege\/\" tabindex=\"-1\" aria-label=\"Read more about LES MOTEURS YANMAR PROPULSENT UN NOUVEAU PALANGRIER HYPERMODERNE EN NORVEGE\">\n                  <img decoding=\"async\" width=\"355\" height=\"200\" src=\"https:\/\/i0.wp.com\/yanmarmarine.eu\/wp-content\/uploads\/2021\/12\/Geir-355x200-1.jpg?resize=355%2C200&amp;ssl=1\" class=\"wp-image c-card__image\" alt=\"\" srcset=\"https:\/\/i0.wp.com\/yanmarmarine.eu\/wp-content\/uploads\/2021\/12\/Geir-355x200-1.jpg?w=355&amp;ssl=1 355w, https:\/\/i0.wp.com\/yanmarmarine.eu\/wp-content\/uploads\/2021\/12\/Geir-355x200-1.jpg?resize=300%2C169&amp;ssl=1 300w\" sizes=\"(max-width: 355px) 100vw, 355px\" \/>\n              <\/a>\n    <\/figure>\n  <\/div>\n\n  <div class=\"c-card__content\">\n    <a href=\"https:\/\/yanmarmarine.eu\/fr\/les-moteurs-yanmar-propulsent-un-nouveau-palangrier-hypermoderne-en-norvege\/\" tabindex=\"-1\" class=\"c-post-item__link\">\n      <h2 class=\"c-card__title\">\n        LES MOTEURS YANMAR PROPULSENT UN NOUVEAU PALANGRIER HYPERMODERNE EN NORVEGE\n      <\/h2>\n\n              <time datetime=\"2021-12-04T15:19:00+00:00\"  class=\"c-post-item__date\">\n          4 d\u00e9cembre 2021\n        <\/time>\n      \n              <div class=\"c-card__copy\">\n          <p>Pour la troisi\u00e8me fois, l&rsquo;op\u00e9rateur norv\u00e9gien HP Holmeset A.S. a command\u00e9 un nouveau palangrier &#8211; appel\u00e9 Geir &#8211; \u00e0 l&rsquo;architecte naval norv\u00e9gien Skipsteknisk. Avec une&#8230;<\/p>\n        <\/div>\n          <\/a>\n\n    <div class=\"c-post-item__bottom\">\n                        \n<span><\/span>\n              \n          <\/div>\n  <\/div>\n<\/li>\n                  <li class=\"c-search__results-item c-card c-post-item c-post-item--post\">\n  <div class=\"c-post-item__image\">\n    <figure class=\"c-card__image-wrapper\">\n      <a href=\"https:\/\/yanmarmarine.eu\/fr\/aventure-elding-en-mer-reykjavik\/\" tabindex=\"-1\" aria-label=\"Read more about Aventure Elding en mer, Reykjavik\">\n                  <img decoding=\"async\" width=\"344\" height=\"257\" src=\"https:\/\/i0.wp.com\/yanmarmarine.eu\/wp-content\/uploads\/2021\/10\/Elding-Iceland.jpg?resize=344%2C257&amp;ssl=1\" class=\"wp-image c-card__image\" alt=\"\" srcset=\"https:\/\/i0.wp.com\/yanmarmarine.eu\/wp-content\/uploads\/2021\/10\/Elding-Iceland.jpg?w=344&amp;ssl=1 344w, https:\/\/i0.wp.com\/yanmarmarine.eu\/wp-content\/uploads\/2021\/10\/Elding-Iceland.jpg?resize=300%2C224&amp;ssl=1 300w\" sizes=\"(max-width: 344px) 100vw, 344px\" \/>\n              <\/a>\n    <\/figure>\n  <\/div>\n\n  <div class=\"c-card__content\">\n    <a href=\"https:\/\/yanmarmarine.eu\/fr\/aventure-elding-en-mer-reykjavik\/\" tabindex=\"-1\" class=\"c-post-item__link\">\n      <h2 class=\"c-card__title\">\n        Aventure Elding en mer, Reykjavik\n      <\/h2>\n\n              <time datetime=\"2021-10-18T15:28:00+00:00\"  class=\"c-post-item__date\">\n          18 octobre 2021\n        <\/time>\n      \n              <div class=\"c-card__copy\">\n          <p>Elding Whale Watching a des d\u00e9cennies d&rsquo;exp\u00e9rience et propose les excursions d&rsquo;observation des baleines et d&rsquo;aventure en mer les plus appr\u00e9ci\u00e9es en Islande. Tout au&#8230;<\/p>\n        <\/div>\n          <\/a>\n\n    <div class=\"c-post-item__bottom\">\n                        \n<span><\/span>\n              \n          <\/div>\n  <\/div>\n<\/li>\n                  <li class=\"c-search__results-item c-card c-post-item c-post-item--post\">\n  <div class=\"c-post-item__image\">\n    <figure class=\"c-card__image-wrapper\">\n      <a href=\"https:\/\/yanmarmarine.eu\/fr\/yanmar-livre-le-160e-moteur-marin-pour-les-eaux-de-peche-scandinaves\/\" tabindex=\"-1\" aria-label=\"Read more about Yanmar livre le 160e moteur marin pour les eaux de p\u00eache scandinaves\">\n                  <img decoding=\"async\" width=\"500\" height=\"300\" src=\"https:\/\/i0.wp.com\/yanmarmarine.eu\/wp-content\/uploads\/2021\/01\/160th-marine-engine_500x300.jpg?resize=500%2C300&amp;ssl=1\" class=\"wp-image c-card__image\" alt=\"\" srcset=\"https:\/\/i0.wp.com\/yanmarmarine.eu\/wp-content\/uploads\/2021\/01\/160th-marine-engine_500x300.jpg?w=500&amp;ssl=1 500w, https:\/\/i0.wp.com\/yanmarmarine.eu\/wp-content\/uploads\/2021\/01\/160th-marine-engine_500x300.jpg?resize=300%2C180&amp;ssl=1 300w\" sizes=\"(max-width: 500px) 100vw, 500px\" \/>\n              <\/a>\n    <\/figure>\n  <\/div>\n\n  <div class=\"c-card__content\">\n    <a href=\"https:\/\/yanmarmarine.eu\/fr\/yanmar-livre-le-160e-moteur-marin-pour-les-eaux-de-peche-scandinaves\/\" tabindex=\"-1\" class=\"c-post-item__link\">\n      <h2 class=\"c-card__title\">\n        Yanmar livre le 160e moteur marin pour les eaux de p\u00eache scandinaves\n      <\/h2>\n\n              <time datetime=\"2021-01-11T12:56:00+00:00\"  class=\"c-post-item__date\">\n          11 janvier 2021\n        <\/time>\n      \n              <div class=\"c-card__copy\">\n          <p>Yanmar Europe B.V. a livr\u00e9 son 160e moteur destin\u00e9 \u00e0 l&rsquo;industrie de la p\u00eache dans les eaux scandinaves. Plus de 45 moteurs, dont celui-ci, ont&#8230;<\/p>\n        <\/div>\n          <\/a>\n\n    <div class=\"c-post-item__bottom\">\n                        \n<span><\/span>\n              \n              <div class=\"c-card__tags\">\n                                    <a href=\"https:\/\/yanmarmarine.eu\/fr\/tag\/6ey33w\/\" class=\"c-card__tag\">6ey33w<\/a>\n                              <\/div>\n          <\/div>\n  <\/div>\n<\/li>\n                  <li class=\"c-search__results-item c-card c-post-item c-post-item--post\">\n  <div class=\"c-post-item__image\">\n    <figure class=\"c-card__image-wrapper\">\n      <a href=\"https:\/\/yanmarmarine.eu\/fr\/un-nouveau-moteur-ameliore-le-tirant-deau-du-chalutier-de-15\/\" tabindex=\"-1\" aria-label=\"Read more about Un nouveau moteur am\u00e9liore le tirant d&rsquo;eau du chalutier de 15%.\">\n                  <img decoding=\"async\" width=\"500\" height=\"300\" src=\"https:\/\/i0.wp.com\/yanmarmarine.eu\/wp-content\/uploads\/2020\/10\/new-enggine_500x300.jpg?resize=500%2C300&amp;ssl=1\" class=\"wp-image c-card__image\" alt=\"\" srcset=\"https:\/\/i0.wp.com\/yanmarmarine.eu\/wp-content\/uploads\/2020\/10\/new-enggine_500x300.jpg?w=500&amp;ssl=1 500w, https:\/\/i0.wp.com\/yanmarmarine.eu\/wp-content\/uploads\/2020\/10\/new-enggine_500x300.jpg?resize=300%2C180&amp;ssl=1 300w\" sizes=\"(max-width: 500px) 100vw, 500px\" \/>\n              <\/a>\n    <\/figure>\n  <\/div>\n\n  <div class=\"c-card__content\">\n    <a href=\"https:\/\/yanmarmarine.eu\/fr\/un-nouveau-moteur-ameliore-le-tirant-deau-du-chalutier-de-15\/\" tabindex=\"-1\" class=\"c-post-item__link\">\n      <h2 class=\"c-card__title\">\n        Un nouveau moteur am\u00e9liore le tirant d&rsquo;eau du chalutier de 15%.\n      <\/h2>\n\n              <time datetime=\"2020-10-12T14:17:00+00:00\"  class=\"c-post-item__date\">\n          12 octobre 2020\n        <\/time>\n      \n              <div class=\"c-card__copy\">\n          <p>\u00ab\u00a015% de prises en plus\u00a0\u00bb a d\u00e9clar\u00e9 M. Emmanuel Cloirec apr\u00e8s avoir \u00e9quip\u00e9 son navire Pasihae II d&rsquo;un moteur \u00e0 grande vitesse Yanmar 6 cylindres&#8230;<\/p>\n        <\/div>\n          <\/a>\n\n    <div class=\"c-post-item__bottom\">\n                        \n<span><\/span>\n              \n              <div class=\"c-card__tags\">\n                                    <a href=\"https:\/\/yanmarmarine.eu\/fr\/tag\/6aym-wst\/\" class=\"c-card__tag\">6aym-wst<\/a>\n                              <\/div>\n          <\/div>\n  <\/div>\n<\/li>\n                  <li class=\"c-search__results-item c-card c-post-item c-post-item--post\">\n  <div class=\"c-post-item__image\">\n    <figure class=\"c-card__image-wrapper\">\n      <a href=\"https:\/\/yanmarmarine.eu\/fr\/yanmar-est-un-choix-privilegie-pour-les-remorqueurs-de-type-statum-pusher\/\" tabindex=\"-1\" aria-label=\"Read more about YANMAR est un choix privil\u00e9gi\u00e9 pour les remorqueurs de type Statum Pusher.\">\n                  <img decoding=\"async\" width=\"355\" height=\"200\" src=\"https:\/\/i0.wp.com\/yanmarmarine.eu\/wp-content\/uploads\/2020\/09\/sattum-355x200-1.jpg?resize=355%2C200&amp;ssl=1\" class=\"wp-image c-card__image\" alt=\"\" srcset=\"https:\/\/i0.wp.com\/yanmarmarine.eu\/wp-content\/uploads\/2020\/09\/sattum-355x200-1.jpg?w=355&amp;ssl=1 355w, https:\/\/i0.wp.com\/yanmarmarine.eu\/wp-content\/uploads\/2020\/09\/sattum-355x200-1.jpg?resize=300%2C169&amp;ssl=1 300w\" sizes=\"(max-width: 355px) 100vw, 355px\" \/>\n              <\/a>\n    <\/figure>\n  <\/div>\n\n  <div class=\"c-card__content\">\n    <a href=\"https:\/\/yanmarmarine.eu\/fr\/yanmar-est-un-choix-privilegie-pour-les-remorqueurs-de-type-statum-pusher\/\" tabindex=\"-1\" class=\"c-post-item__link\">\n      <h2 class=\"c-card__title\">\n        YANMAR est un choix privil\u00e9gi\u00e9 pour les remorqueurs de type Statum Pusher.\n      <\/h2>\n\n              <time datetime=\"2020-09-14T15:26:00+00:00\"  class=\"c-post-item__date\">\n          14 septembre 2020\n        <\/time>\n      \n              <div class=\"c-card__copy\">\n          <p>Le Statum a un travail r\u00e9gulier et fonctionne plus de 5 000 heures par an. Le navire pousse deux barges, qui peuvent transporter de 4&#8230;<\/p>\n        <\/div>\n          <\/a>\n\n    <div class=\"c-post-item__bottom\">\n                        \n<span><\/span>\n              \n          <\/div>\n  <\/div>\n<\/li>\n                  <li class=\"c-search__results-item c-card c-post-item c-post-item--post\">\n  <div class=\"c-post-item__image\">\n    <figure class=\"c-card__image-wrapper\">\n      <a href=\"https:\/\/yanmarmarine.eu\/fr\/le-nouveau-stormhav-de-netter-longliner-est-equipe-dun-moteur-yanmar\/\" tabindex=\"-1\" aria-label=\"Read more about Le nouveau Stormhav de Netter\/Longliner est \u00e9quip\u00e9 d&rsquo;un moteur Yanmar\">\n                  <img decoding=\"async\" width=\"768\" height=\"565\" src=\"https:\/\/i0.wp.com\/yanmarmarine.eu\/wp-content\/uploads\/2024\/05\/Stormhav3.jpg?resize=768%2C565&amp;ssl=1\" class=\"wp-image c-card__image\" alt=\"\" \/>\n              <\/a>\n    <\/figure>\n  <\/div>\n\n  <div class=\"c-card__content\">\n    <a href=\"https:\/\/yanmarmarine.eu\/fr\/le-nouveau-stormhav-de-netter-longliner-est-equipe-dun-moteur-yanmar\/\" tabindex=\"-1\" class=\"c-post-item__link\">\n      <h2 class=\"c-card__title\">\n        Le nouveau Stormhav de Netter\/Longliner est \u00e9quip\u00e9 d&rsquo;un moteur Yanmar\n      <\/h2>\n\n              <time datetime=\"2020-09-07T14:52:00+00:00\"  class=\"c-post-item__date\">\n          7 septembre 2020\n        <\/time>\n      \n              <div class=\"c-card__copy\">\n          <p>L&rsquo;industrie de la p\u00eache norv\u00e9gienne dispose d&rsquo;un nouveau fleuron : le Stormhav, un navire combinant lignes et filets de pr\u00e8s de 28 m\u00e8tres de long,&#8230;<\/p>\n        <\/div>\n          <\/a>\n\n    <div class=\"c-post-item__bottom\">\n                        \n<span><\/span>\n              \n              <div class=\"c-card__tags\">\n                                    <a href=\"https:\/\/yanmarmarine.eu\/fr\/tag\/6ey17w\/\" class=\"c-card__tag\">6ey17w<\/a>\n                              <\/div>\n          <\/div>\n  <\/div>\n<\/li>\n                  <li class=\"c-search__results-item c-card c-post-item c-post-item--post\">\n  <div class=\"c-post-item__image\">\n    <figure class=\"c-card__image-wrapper\">\n      <a href=\"https:\/\/yanmarmarine.eu\/fr\/le-skipper-belge-fait-leloge-de-son-fidele-diesel-yanmar\/\" tabindex=\"-1\" aria-label=\"Read more about Le skipper belge fait l&rsquo;\u00e9loge de son fid\u00e8le diesel Yanmar\">\n                  <img decoding=\"async\" width=\"355\" height=\"200\" src=\"https:\/\/i0.wp.com\/yanmarmarine.eu\/wp-content\/uploads\/2020\/08\/skipper-55x200-1.jpg?resize=355%2C200&amp;ssl=1\" class=\"wp-image c-card__image\" alt=\"\" srcset=\"https:\/\/i0.wp.com\/yanmarmarine.eu\/wp-content\/uploads\/2020\/08\/skipper-55x200-1.jpg?w=355&amp;ssl=1 355w, https:\/\/i0.wp.com\/yanmarmarine.eu\/wp-content\/uploads\/2020\/08\/skipper-55x200-1.jpg?resize=300%2C169&amp;ssl=1 300w\" sizes=\"(max-width: 355px) 100vw, 355px\" \/>\n              <\/a>\n    <\/figure>\n  <\/div>\n\n  <div class=\"c-card__content\">\n    <a href=\"https:\/\/yanmarmarine.eu\/fr\/le-skipper-belge-fait-leloge-de-son-fidele-diesel-yanmar\/\" tabindex=\"-1\" class=\"c-post-item__link\">\n      <h2 class=\"c-card__title\">\n        Le skipper belge fait l&rsquo;\u00e9loge de son fid\u00e8le diesel Yanmar\n      <\/h2>\n\n              <time datetime=\"2020-08-20T15:30:00+00:00\"  class=\"c-post-item__date\">\n          20 ao\u00fbt 2020\n        <\/time>\n      \n              <div class=\"c-card__copy\">\n          <p>Lorsque le skipper Danny Alderweireld, de Sint-Job-in-&lsquo;t-Goor, en Belgique, \u00e9change parfois ses exp\u00e9riences avec des coll\u00e8gues, il est toujours tr\u00e8s surpris lorsqu&rsquo;il leur parle du&#8230;<\/p>\n        <\/div>\n          <\/a>\n\n    <div class=\"c-post-item__bottom\">\n                        \n<span><\/span>\n              \n          <\/div>\n  <\/div>\n<\/li>\n          <\/ul>\n  <\/div>\n\n  <\/section>\n\n<\/div><\/div>\n\n<div class=\"wp-block-buttons is-content-justification-center is-layout-flex wp-container-core-buttons-is-layout-16018d1d wp-block-buttons-is-layout-flex\">\n<div class=\"wp-block-button\"><a class=\"wp-block-button__link wp-element-button\">Voir tous les t\u00e9moignages<\/a><\/div>\n<\/div>\n\n<div style=\"height:100px\" aria-hidden=\"true\" class=\"wp-block-spacer\"><\/div>\n","protected":false},"excerpt":{"rendered":"<p>TESTIMONIALES La puissance \u00e9prouv\u00e9e de Yanmar en mer<\/p>\n","protected":false},"author":21,"featured_media":0,"parent":0,"menu_order":0,"comment_status":"closed","ping_status":"closed","template":"","meta":{"_acf_changed":false,"footnotes":""},"class_list":["post-7702","page","type-page","status-publish","hentry"],"acf":[],"yoast_head":"<!-- This site is optimized with the Yoast SEO Premium plugin v24.0 (Yoast SEO v27.5) - https:\/\/yoast.com\/product\/yoast-seo-premium-wordpress\/ -->\n<title>T\u00e9moignages - Yanmar Europe Commercial Marine<\/title>\n<meta name=\"robots\" content=\"index, follow, max-snippet:-1, max-image-preview:large, max-video-preview:-1\" \/>\n<link rel=\"canonical\" href=\"https:\/\/yanmarmarine.eu\/fr\/temoignages\/\" \/>\n<meta property=\"og:locale\" content=\"fr_FR\" \/>\n<meta property=\"og:type\" content=\"article\" \/>\n<meta property=\"og:title\" content=\"T\u00e9moignages\" \/>\n<meta property=\"og:description\" content=\"TESTIMONIALES La puissance \u00e9prouv\u00e9e de Yanmar en mer\" \/>\n<meta property=\"og:url\" content=\"https:\/\/yanmarmarine.eu\/fr\/temoignages\/\" \/>\n<meta property=\"og:site_name\" content=\"Yanmar Europe Commercial Marine\" \/>\n<meta property=\"article:publisher\" content=\"https:\/\/www.facebook.com\/YANMARCM\" \/>\n<meta property=\"article:modified_time\" content=\"2026-01-14T12:27:39+00:00\" \/>\n<meta name=\"twitter:card\" content=\"summary_large_image\" \/>\n<script type=\"application\/ld+json\" class=\"yoast-schema-graph\">{\"@context\":\"https:\\\/\\\/schema.org\",\"@graph\":[{\"@type\":\"WebPage\",\"@id\":\"https:\\\/\\\/yanmarmarine.eu\\\/fr\\\/temoignages\\\/\",\"url\":\"https:\\\/\\\/yanmarmarine.eu\\\/fr\\\/temoignages\\\/\",\"name\":\"T\u00e9moignages - Yanmar Europe Commercial Marine\",\"isPartOf\":{\"@id\":\"https:\\\/\\\/yanmarmarine.eu\\\/fr\\\/#website\"},\"datePublished\":\"2025-06-05T06:52:10+00:00\",\"dateModified\":\"2026-01-14T12:27:39+00:00\",\"breadcrumb\":{\"@id\":\"https:\\\/\\\/yanmarmarine.eu\\\/fr\\\/temoignages\\\/#breadcrumb\"},\"inLanguage\":\"fr-FR\",\"potentialAction\":[{\"@type\":\"ReadAction\",\"target\":[\"https:\\\/\\\/yanmarmarine.eu\\\/fr\\\/temoignages\\\/\"]}]},{\"@type\":\"BreadcrumbList\",\"@id\":\"https:\\\/\\\/yanmarmarine.eu\\\/fr\\\/temoignages\\\/#breadcrumb\",\"itemListElement\":[{\"@type\":\"ListItem\",\"position\":1,\"name\":\"Accueil\",\"item\":\"https:\\\/\\\/yanmarmarine.eu\\\/fr\\\/\"},{\"@type\":\"ListItem\",\"position\":2,\"name\":\"T\u00e9moignages\"}]},{\"@type\":\"WebSite\",\"@id\":\"https:\\\/\\\/yanmarmarine.eu\\\/fr\\\/#website\",\"url\":\"https:\\\/\\\/yanmarmarine.eu\\\/fr\\\/\",\"name\":\"Yanmar Europe Commercial Marine\",\"description\":\"\",\"publisher\":{\"@id\":\"https:\\\/\\\/yanmarmarine.eu\\\/fr\\\/#organization\"},\"potentialAction\":[{\"@type\":\"SearchAction\",\"target\":{\"@type\":\"EntryPoint\",\"urlTemplate\":\"https:\\\/\\\/yanmarmarine.eu\\\/fr\\\/?s={search_term_string}\"},\"query-input\":{\"@type\":\"PropertyValueSpecification\",\"valueRequired\":true,\"valueName\":\"search_term_string\"}}],\"inLanguage\":\"fr-FR\"},{\"@type\":\"Organization\",\"@id\":\"https:\\\/\\\/yanmarmarine.eu\\\/fr\\\/#organization\",\"name\":\"Yanmar Europe\",\"url\":\"https:\\\/\\\/yanmarmarine.eu\\\/fr\\\/\",\"logo\":{\"@type\":\"ImageObject\",\"inLanguage\":\"fr-FR\",\"@id\":\"https:\\\/\\\/yanmarmarine.eu\\\/fr\\\/#\\\/schema\\\/logo\\\/image\\\/\",\"url\":\"https:\\\/\\\/yanmarmarine.eu\\\/wp-content\\\/uploads\\\/2026\\\/01\\\/YANMAR-logo_300x240.jpg\",\"contentUrl\":\"https:\\\/\\\/yanmarmarine.eu\\\/wp-content\\\/uploads\\\/2026\\\/01\\\/YANMAR-logo_300x240.jpg\",\"width\":300,\"height\":240,\"caption\":\"Yanmar Europe\"},\"image\":{\"@id\":\"https:\\\/\\\/yanmarmarine.eu\\\/fr\\\/#\\\/schema\\\/logo\\\/image\\\/\"},\"sameAs\":[\"https:\\\/\\\/www.facebook.com\\\/YANMARCM\",\"https:\\\/\\\/www.instagram.com\\\/yanmar_commercial_marine\\\/\",\"https:\\\/\\\/www.linkedin.com\\\/company\\\/2522277\\\/\"]}]}<\/script>\n<!-- \/ Yoast SEO Premium plugin. -->","yoast_head_json":{"title":"T\u00e9moignages - Yanmar Europe Commercial Marine","robots":{"index":"index","follow":"follow","max-snippet":"max-snippet:-1","max-image-preview":"max-image-preview:large","max-video-preview":"max-video-preview:-1"},"canonical":"https:\/\/yanmarmarine.eu\/fr\/temoignages\/","og_locale":"fr_FR","og_type":"article","og_title":"T\u00e9moignages","og_description":"TESTIMONIALES La puissance \u00e9prouv\u00e9e de Yanmar en mer","og_url":"https:\/\/yanmarmarine.eu\/fr\/temoignages\/","og_site_name":"Yanmar Europe Commercial Marine","article_publisher":"https:\/\/www.facebook.com\/YANMARCM","article_modified_time":"2026-01-14T12:27:39+00:00","twitter_card":"summary_large_image","schema":{"@context":"https:\/\/schema.org","@graph":[{"@type":"WebPage","@id":"https:\/\/yanmarmarine.eu\/fr\/temoignages\/","url":"https:\/\/yanmarmarine.eu\/fr\/temoignages\/","name":"T\u00e9moignages - Yanmar Europe Commercial Marine","isPartOf":{"@id":"https:\/\/yanmarmarine.eu\/fr\/#website"},"datePublished":"2025-06-05T06:52:10+00:00","dateModified":"2026-01-14T12:27:39+00:00","breadcrumb":{"@id":"https:\/\/yanmarmarine.eu\/fr\/temoignages\/#breadcrumb"},"inLanguage":"fr-FR","potentialAction":[{"@type":"ReadAction","target":["https:\/\/yanmarmarine.eu\/fr\/temoignages\/"]}]},{"@type":"BreadcrumbList","@id":"https:\/\/yanmarmarine.eu\/fr\/temoignages\/#breadcrumb","itemListElement":[{"@type":"ListItem","position":1,"name":"Accueil","item":"https:\/\/yanmarmarine.eu\/fr\/"},{"@type":"ListItem","position":2,"name":"T\u00e9moignages"}]},{"@type":"WebSite","@id":"https:\/\/yanmarmarine.eu\/fr\/#website","url":"https:\/\/yanmarmarine.eu\/fr\/","name":"Yanmar Europe Commercial Marine","description":"","publisher":{"@id":"https:\/\/yanmarmarine.eu\/fr\/#organization"},"potentialAction":[{"@type":"SearchAction","target":{"@type":"EntryPoint","urlTemplate":"https:\/\/yanmarmarine.eu\/fr\/?s={search_term_string}"},"query-input":{"@type":"PropertyValueSpecification","valueRequired":true,"valueName":"search_term_string"}}],"inLanguage":"fr-FR"},{"@type":"Organization","@id":"https:\/\/yanmarmarine.eu\/fr\/#organization","name":"Yanmar Europe","url":"https:\/\/yanmarmarine.eu\/fr\/","logo":{"@type":"ImageObject","inLanguage":"fr-FR","@id":"https:\/\/yanmarmarine.eu\/fr\/#\/schema\/logo\/image\/","url":"https:\/\/yanmarmarine.eu\/wp-content\/uploads\/2026\/01\/YANMAR-logo_300x240.jpg","contentUrl":"https:\/\/yanmarmarine.eu\/wp-content\/uploads\/2026\/01\/YANMAR-logo_300x240.jpg","width":300,"height":240,"caption":"Yanmar Europe"},"image":{"@id":"https:\/\/yanmarmarine.eu\/fr\/#\/schema\/logo\/image\/"},"sameAs":["https:\/\/www.facebook.com\/YANMARCM","https:\/\/www.instagram.com\/yanmar_commercial_marine\/","https:\/\/www.linkedin.com\/company\/2522277\/"]}]}},"jetpack_sharing_enabled":true,"_links":{"self":[{"href":"https:\/\/yanmarmarine.eu\/fr\/wp-json\/wp\/v2\/pages\/7702","targetHints":{"allow":["GET"]}}],"collection":[{"href":"https:\/\/yanmarmarine.eu\/fr\/wp-json\/wp\/v2\/pages"}],"about":[{"href":"https:\/\/yanmarmarine.eu\/fr\/wp-json\/wp\/v2\/types\/page"}],"author":[{"embeddable":true,"href":"https:\/\/yanmarmarine.eu\/fr\/wp-json\/wp\/v2\/users\/21"}],"replies":[{"embeddable":true,"href":"https:\/\/yanmarmarine.eu\/fr\/wp-json\/wp\/v2\/comments?post=7702"}],"version-history":[{"count":1,"href":"https:\/\/yanmarmarine.eu\/fr\/wp-json\/wp\/v2\/pages\/7702\/revisions"}],"predecessor-version":[{"id":7703,"href":"https:\/\/yanmarmarine.eu\/fr\/wp-json\/wp\/v2\/pages\/7702\/revisions\/7703"}],"wp:attachment":[{"href":"https:\/\/yanmarmarine.eu\/fr\/wp-json\/wp\/v2\/media?parent=7702"}],"curies":[{"name":"wp","href":"https:\/\/api.w.org\/{rel}","templated":true}]}}