{"id":7724,"date":"2023-12-29T12:49:15","date_gmt":"2023-12-29T12:49:15","guid":{"rendered":"https:\/\/yanmarmarine.eu\/declaration-de-confidentialite\/"},"modified":"2026-01-14T12:27:58","modified_gmt":"2026-01-14T12:27:58","slug":"declaration-de-confidentialite","status":"publish","type":"page","link":"https:\/\/yanmarmarine.eu\/fr\/declaration-de-confidentialite\/","title":{"rendered":"D\u00e9claration de confidentialit\u00e9"},"content":{"rendered":"\n<div style=\"height:50px\" aria-hidden=\"true\" class=\"wp-block-spacer\"><\/div>\n\n<div class=\"wp-block-group\"><div class=\"wp-block-group__inner-container is-layout-constrained wp-block-group-is-layout-constrained\">\n<p>Yanmar Holdings Co., Ltd. et les soci\u00e9t\u00e9s de son groupe (\u00a0\u00bb Yanmar \u00ab\u00a0), dans le cadre de la fourniture des produits et services aux clients (les \u00a0\u00bb clients \u00ab\u00a0) r\u00e9sidant dans l&rsquo;Espace \u00e9conomique europ\u00e9en* (l'\u00a0\u00bb EEE \u00ab\u00a0), dans le but de se conformer au R\u00e8glement g\u00e9n\u00e9ral sur la protection des donn\u00e9es de l&rsquo;UE (le \u00a0\u00bb RGPD \u00ab\u00a0), et de traiter de mani\u00e8re appropri\u00e9e les donn\u00e9es personnelles des clients r\u00e9sidant dans l&rsquo;EEE, \u00e9tablit par la pr\u00e9sente cette \u00a0\u00bb politique de confidentialit\u00e9 \u00a0\u00bb (cette \u00a0\u00bb politique de confidentialit\u00e9 \u00ab\u00a0).<\/p>\n\n\n\n<div style=\"height:50px\" aria-hidden=\"true\" class=\"wp-block-spacer\"><\/div>\n\n\n\n<h2 class=\"wp-block-heading\" style=\"font-style:normal;font-weight:100\">1. Traitement des donn\u00e9es \u00e0 caract\u00e8re personnel<\/h2>\n\n\n\n<p>(1) D\u00e9finitions<\/p>\n\n\n\n<ul class=\"wp-block-list\">\n<li>On entend par \u00ab\u00a0donn\u00e9es \u00e0 caract\u00e8re personnel\u00a0\u00bb toutes les donn\u00e9es relatives \u00e0 une personne physique identifi\u00e9e ou identifiable, y compris, sans s&rsquo;y limiter, le nom, l&rsquo;adresse, la date de naissance, le num\u00e9ro de t\u00e9l\u00e9phone, l&rsquo;adresse \u00e9lectronique et les identifiants d&rsquo;utilisateur du client r\u00e9sidant dans l&rsquo;EEE.<\/li>\n\n\n\n<li>\u00ab\u00a0Traitement\u00a0\u00bb : toute op\u00e9ration ou tout ensemble d&rsquo;op\u00e9rations effectu\u00e9es ou non \u00e0 l&rsquo;aide de proc\u00e9d\u00e9s automatis\u00e9s et appliqu\u00e9es \u00e0 des donn\u00e9es ou des ensembles de donn\u00e9es \u00e0 caract\u00e8re personnel, telles que la collecte, l&rsquo;enregistrement, l&rsquo;organisation, la structuration, la conservation, l&rsquo;adaptation ou la modification, l&rsquo;extraction, la consultation, l&rsquo;utilisation, la divulgation par transmission, la diffusion ou toute autre forme de mise \u00e0 disposition, le rapprochement ou l&rsquo;interconnexion, la limitation, l&rsquo;effacement ou la destruction.<\/li>\n\n\n\n<li>On entend par \u00ab\u00a0responsable du traitement\u00a0\u00bb une personne morale, etc. qui, seule ou conjointement avec d&rsquo;autres, d\u00e9termine les finalit\u00e9s et les moyens du traitement des donn\u00e9es \u00e0 caract\u00e8re personnel.<\/li>\n\n\n\n<li>Le terme \u00ab\u00a0sous-traitant\u00a0\u00bb d\u00e9signe une personne morale, etc. qui traite des donn\u00e9es \u00e0 caract\u00e8re personnel pour le compte du responsable du traitement.<\/li>\n<\/ul>\n\n\n\n<div style=\"height:50px\" aria-hidden=\"true\" class=\"wp-block-spacer\"><\/div>\n\n\n\n<h2 class=\"wp-block-heading\" style=\"font-style:normal;font-weight:100\">2. Types de donn\u00e9es \u00e0 caract\u00e8re personnel \u00e0 collecter<\/h2>\n\n\n\n<p>Yanmar recueillera les types de donn\u00e9es personnelles suivants concernant les clients en relation avec les produits et services :<\/p>\n\n\n\n<ul class=\"wp-block-list\">\n<li>Les informations de contact qui permettent \u00e0 Yanmar d&rsquo;identifier le client et de communiquer avec lui, telles que le nom du client, son num\u00e9ro de t\u00e9l\u00e9phone, son adresse postale, son adresse \u00e9lectronique et les informations relatives \u00e0 sa localisation.<\/li>\n\n\n\n<li>Informations sur les transactions concernant la mani\u00e8re dont le client interagit avec Yanmar, les concessionnaires et les partenaires commerciaux de Yanmar, y compris les demandes de renseignements, les r\u00e9clamations au titre de la garantie et l&rsquo;achat, l&rsquo;utilisation ou la fourniture de produits et de services.<\/li>\n\n\n\n<li>Les informations relationnelles aident Yanmar \u00e0 comprendre les int\u00e9r\u00eats personnels ou professionnels de ses clients, leurs donn\u00e9es d\u00e9mographiques et leurs exp\u00e9riences avec les produits et services de Yanmar.<\/li>\n\n\n\n<li>Observation des informations acquises automatiquement par les machines de Yanmar dans le cadre de l&rsquo;utilisation des produits et services, y compris le fonctionnement et l&#8217;emplacement.<\/li>\n<\/ul>\n<\/div><\/div>\n","protected":false},"excerpt":{"rendered":"<p>Yanmar Holdings Co., Ltd. et les soci\u00e9t\u00e9s de son groupe (\u00a0\u00bb Yanmar \u00ab\u00a0), dans le cadre de la fourniture des produits et services aux clients (les \u00a0\u00bb clients \u00ab\u00a0) r\u00e9sidant [&hellip;]<\/p>\n","protected":false},"author":21,"featured_media":0,"parent":0,"menu_order":0,"comment_status":"closed","ping_status":"closed","template":"","meta":{"_acf_changed":false,"footnotes":""},"class_list":["post-7724","page","type-page","status-publish","hentry"],"acf":[],"yoast_head":"<!-- This site is optimized with the Yoast SEO Premium plugin v24.0 (Yoast SEO v27.1.1) - https:\/\/yoast.com\/product\/yoast-seo-premium-wordpress\/ -->\n<title>D\u00e9claration de confidentialit\u00e9 - Yanmar Europe Commercial Marine<\/title>\n<meta name=\"robots\" content=\"index, follow, max-snippet:-1, max-image-preview:large, max-video-preview:-1\" \/>\n<link rel=\"canonical\" href=\"https:\/\/yanmarmarine.eu\/fr\/declaration-de-confidentialite\/\" \/>\n<meta property=\"og:locale\" content=\"fr_FR\" \/>\n<meta property=\"og:type\" content=\"article\" \/>\n<meta property=\"og:title\" content=\"D\u00e9claration de confidentialit\u00e9\" \/>\n<meta property=\"og:description\" content=\"Yanmar Holdings Co., Ltd. et les soci\u00e9t\u00e9s de son groupe (\u00a0\u00bb Yanmar \u00ab\u00a0), dans le cadre de la fourniture des produits et services aux clients (les \u00a0\u00bb clients \u00ab\u00a0) r\u00e9sidant [&hellip;]\" \/>\n<meta property=\"og:url\" content=\"https:\/\/yanmarmarine.eu\/fr\/declaration-de-confidentialite\/\" \/>\n<meta property=\"og:site_name\" content=\"Yanmar Europe Commercial Marine\" \/>\n<meta property=\"article:publisher\" content=\"https:\/\/www.facebook.com\/YANMARCM\" \/>\n<meta property=\"article:modified_time\" content=\"2026-01-14T12:27:58+00:00\" \/>\n<meta name=\"twitter:card\" content=\"summary_large_image\" \/>\n<meta name=\"twitter:label1\" content=\"Dur\u00e9e de lecture estim\u00e9e\" \/>\n\t<meta name=\"twitter:data1\" content=\"2 minutes\" \/>\n<script type=\"application\/ld+json\" class=\"yoast-schema-graph\">{\"@context\":\"https:\/\/schema.org\",\"@graph\":[{\"@type\":\"WebPage\",\"@id\":\"https:\/\/yanmarmarine.eu\/fr\/declaration-de-confidentialite\/\",\"url\":\"https:\/\/yanmarmarine.eu\/fr\/declaration-de-confidentialite\/\",\"name\":\"D\u00e9claration de confidentialit\u00e9 - Yanmar Europe Commercial Marine\",\"isPartOf\":{\"@id\":\"https:\/\/yanmarmarine.eu\/fr\/#website\"},\"datePublished\":\"2023-12-29T12:49:15+00:00\",\"dateModified\":\"2026-01-14T12:27:58+00:00\",\"breadcrumb\":{\"@id\":\"https:\/\/yanmarmarine.eu\/fr\/declaration-de-confidentialite\/#breadcrumb\"},\"inLanguage\":\"fr-FR\",\"potentialAction\":[{\"@type\":\"ReadAction\",\"target\":[\"https:\/\/yanmarmarine.eu\/fr\/declaration-de-confidentialite\/\"]}]},{\"@type\":\"BreadcrumbList\",\"@id\":\"https:\/\/yanmarmarine.eu\/fr\/declaration-de-confidentialite\/#breadcrumb\",\"itemListElement\":[{\"@type\":\"ListItem\",\"position\":1,\"name\":\"Accueil\",\"item\":\"https:\/\/yanmarmarine.eu\/fr\/\"},{\"@type\":\"ListItem\",\"position\":2,\"name\":\"D\u00e9claration de confidentialit\u00e9\"}]},{\"@type\":\"WebSite\",\"@id\":\"https:\/\/yanmarmarine.eu\/fr\/#website\",\"url\":\"https:\/\/yanmarmarine.eu\/fr\/\",\"name\":\"Yanmar Europe Commercial Marine\",\"description\":\"\",\"publisher\":{\"@id\":\"https:\/\/yanmarmarine.eu\/fr\/#organization\"},\"potentialAction\":[{\"@type\":\"SearchAction\",\"target\":{\"@type\":\"EntryPoint\",\"urlTemplate\":\"https:\/\/yanmarmarine.eu\/fr\/?s={search_term_string}\"},\"query-input\":{\"@type\":\"PropertyValueSpecification\",\"valueRequired\":true,\"valueName\":\"search_term_string\"}}],\"inLanguage\":\"fr-FR\"},{\"@type\":\"Organization\",\"@id\":\"https:\/\/yanmarmarine.eu\/fr\/#organization\",\"name\":\"Yanmar Europe\",\"url\":\"https:\/\/yanmarmarine.eu\/fr\/\",\"logo\":{\"@type\":\"ImageObject\",\"inLanguage\":\"fr-FR\",\"@id\":\"https:\/\/yanmarmarine.eu\/fr\/#\/schema\/logo\/image\/\",\"url\":\"https:\/\/yanmarmarine.eu\/wp-content\/uploads\/2026\/01\/YANMAR-logo_300x240.jpg\",\"contentUrl\":\"https:\/\/yanmarmarine.eu\/wp-content\/uploads\/2026\/01\/YANMAR-logo_300x240.jpg\",\"width\":300,\"height\":240,\"caption\":\"Yanmar Europe\"},\"image\":{\"@id\":\"https:\/\/yanmarmarine.eu\/fr\/#\/schema\/logo\/image\/\"},\"sameAs\":[\"https:\/\/www.facebook.com\/YANMARCM\",\"https:\/\/www.instagram.com\/yanmar_commercial_marine\/\",\"https:\/\/www.linkedin.com\/company\/2522277\/\"]}]}<\/script>\n<!-- \/ Yoast SEO Premium plugin. -->","yoast_head_json":{"title":"D\u00e9claration de confidentialit\u00e9 - Yanmar Europe Commercial Marine","robots":{"index":"index","follow":"follow","max-snippet":"max-snippet:-1","max-image-preview":"max-image-preview:large","max-video-preview":"max-video-preview:-1"},"canonical":"https:\/\/yanmarmarine.eu\/fr\/declaration-de-confidentialite\/","og_locale":"fr_FR","og_type":"article","og_title":"D\u00e9claration de confidentialit\u00e9","og_description":"Yanmar Holdings Co., Ltd. et les soci\u00e9t\u00e9s de son groupe (\u00a0\u00bb Yanmar \u00ab\u00a0), dans le cadre de la fourniture des produits et services aux clients (les \u00a0\u00bb clients \u00ab\u00a0) r\u00e9sidant [&hellip;]","og_url":"https:\/\/yanmarmarine.eu\/fr\/declaration-de-confidentialite\/","og_site_name":"Yanmar Europe Commercial Marine","article_publisher":"https:\/\/www.facebook.com\/YANMARCM","article_modified_time":"2026-01-14T12:27:58+00:00","twitter_card":"summary_large_image","twitter_misc":{"Dur\u00e9e de lecture estim\u00e9e":"2 minutes"},"schema":{"@context":"https:\/\/schema.org","@graph":[{"@type":"WebPage","@id":"https:\/\/yanmarmarine.eu\/fr\/declaration-de-confidentialite\/","url":"https:\/\/yanmarmarine.eu\/fr\/declaration-de-confidentialite\/","name":"D\u00e9claration de confidentialit\u00e9 - Yanmar Europe Commercial Marine","isPartOf":{"@id":"https:\/\/yanmarmarine.eu\/fr\/#website"},"datePublished":"2023-12-29T12:49:15+00:00","dateModified":"2026-01-14T12:27:58+00:00","breadcrumb":{"@id":"https:\/\/yanmarmarine.eu\/fr\/declaration-de-confidentialite\/#breadcrumb"},"inLanguage":"fr-FR","potentialAction":[{"@type":"ReadAction","target":["https:\/\/yanmarmarine.eu\/fr\/declaration-de-confidentialite\/"]}]},{"@type":"BreadcrumbList","@id":"https:\/\/yanmarmarine.eu\/fr\/declaration-de-confidentialite\/#breadcrumb","itemListElement":[{"@type":"ListItem","position":1,"name":"Accueil","item":"https:\/\/yanmarmarine.eu\/fr\/"},{"@type":"ListItem","position":2,"name":"D\u00e9claration de confidentialit\u00e9"}]},{"@type":"WebSite","@id":"https:\/\/yanmarmarine.eu\/fr\/#website","url":"https:\/\/yanmarmarine.eu\/fr\/","name":"Yanmar Europe Commercial Marine","description":"","publisher":{"@id":"https:\/\/yanmarmarine.eu\/fr\/#organization"},"potentialAction":[{"@type":"SearchAction","target":{"@type":"EntryPoint","urlTemplate":"https:\/\/yanmarmarine.eu\/fr\/?s={search_term_string}"},"query-input":{"@type":"PropertyValueSpecification","valueRequired":true,"valueName":"search_term_string"}}],"inLanguage":"fr-FR"},{"@type":"Organization","@id":"https:\/\/yanmarmarine.eu\/fr\/#organization","name":"Yanmar Europe","url":"https:\/\/yanmarmarine.eu\/fr\/","logo":{"@type":"ImageObject","inLanguage":"fr-FR","@id":"https:\/\/yanmarmarine.eu\/fr\/#\/schema\/logo\/image\/","url":"https:\/\/yanmarmarine.eu\/wp-content\/uploads\/2026\/01\/YANMAR-logo_300x240.jpg","contentUrl":"https:\/\/yanmarmarine.eu\/wp-content\/uploads\/2026\/01\/YANMAR-logo_300x240.jpg","width":300,"height":240,"caption":"Yanmar Europe"},"image":{"@id":"https:\/\/yanmarmarine.eu\/fr\/#\/schema\/logo\/image\/"},"sameAs":["https:\/\/www.facebook.com\/YANMARCM","https:\/\/www.instagram.com\/yanmar_commercial_marine\/","https:\/\/www.linkedin.com\/company\/2522277\/"]}]}},"jetpack_sharing_enabled":true,"_links":{"self":[{"href":"https:\/\/yanmarmarine.eu\/fr\/wp-json\/wp\/v2\/pages\/7724","targetHints":{"allow":["GET"]}}],"collection":[{"href":"https:\/\/yanmarmarine.eu\/fr\/wp-json\/wp\/v2\/pages"}],"about":[{"href":"https:\/\/yanmarmarine.eu\/fr\/wp-json\/wp\/v2\/types\/page"}],"author":[{"embeddable":true,"href":"https:\/\/yanmarmarine.eu\/fr\/wp-json\/wp\/v2\/users\/21"}],"replies":[{"embeddable":true,"href":"https:\/\/yanmarmarine.eu\/fr\/wp-json\/wp\/v2\/comments?post=7724"}],"version-history":[{"count":1,"href":"https:\/\/yanmarmarine.eu\/fr\/wp-json\/wp\/v2\/pages\/7724\/revisions"}],"predecessor-version":[{"id":7725,"href":"https:\/\/yanmarmarine.eu\/fr\/wp-json\/wp\/v2\/pages\/7724\/revisions\/7725"}],"wp:attachment":[{"href":"https:\/\/yanmarmarine.eu\/fr\/wp-json\/wp\/v2\/media?parent=7724"}],"curies":[{"name":"wp","href":"https:\/\/api.w.org\/{rel}","templated":true}]}}