{"id":7690,"date":"2023-12-29T12:49:15","date_gmt":"2023-12-29T12:49:15","guid":{"rendered":"https:\/\/yanmarmarine.eu\/personvernerklaering\/"},"modified":"2026-01-14T12:27:32","modified_gmt":"2026-01-14T12:27:32","slug":"personvernerklaering","status":"publish","type":"page","link":"https:\/\/yanmarmarine.eu\/no\/personvernerklaering\/","title":{"rendered":"Personvernerkl\u00e6ring"},"content":{"rendered":"\n<div style=\"height:50px\" aria-hidden=\"true\" class=\"wp-block-spacer\"><\/div>\n\n<div class=\"wp-block-group\"><div class=\"wp-block-group__inner-container is-layout-constrained wp-block-group-is-layout-constrained\">\n<p>Yanmar Holdings Co., Ltd. og dets konsernselskaper (&laquo;Yanmar&raquo;), i forbindelse med levering av produkter og tjenester til kunder (&laquo;Kundene&raquo;) bosatt i Det europeiske \u00f8konomiske samarbeidsomr\u00e5det* (&laquo;E\u00d8S&raquo;), i den hensikt \u00e5 overholde EUs personvernforordning (&laquo;GDPR&raquo;), og for \u00e5 behandle personopplysningene til Kundene bosatt i E\u00d8S p\u00e5 en hensiktsmessig m\u00e5te, etablerer herved denne &laquo;Personvernerkl\u00e6ringen&raquo; (&laquo;Personvernerkl\u00e6ringen&raquo;).<\/p>\n\n\n\n<div style=\"height:50px\" aria-hidden=\"true\" class=\"wp-block-spacer\"><\/div>\n\n\n\n<h2 class=\"wp-block-heading\" style=\"font-style:normal;font-weight:100\">1. Behandling av personopplysninger<\/h2>\n\n\n\n<p>(1) Definisjoner<\/p>\n\n\n\n<ul class=\"wp-block-list\">\n<li>&laquo;Personopplysninger&raquo; betyr alle opplysninger knyttet til en identifisert eller identifiserbar fysisk person, inkludert, uten begrensning, navn, adresse, f\u00f8dselsdato, telefonnummer, e-postadresse og bruker-ID for kunder som er bosatt i E\u00d8S.<\/li>\n\n\n\n<li>Med &laquo;behandling&raquo; menes enhver operasjon eller rekke av operasjoner som utf\u00f8res p\u00e5 personopplysninger eller p\u00e5 grupper av personopplysninger, enten automatisert eller ikke, for eksempel innsamling, registrering, organisering, strukturering, lagring, tilpasning eller endring, gjenfinning, konsultasjon, bruk, utlevering ved overf\u00f8ring, spredning eller tilgjengeliggj\u00f8ring p\u00e5 annen m\u00e5te, sammenstilling eller samkj\u00f8ring, begrensning, sletting eller tilintetgj\u00f8ring.<\/li>\n\n\n\n<li>&laquo;Behandlingsansvarlig&raquo; betyr en juridisk person osv. som, alene eller sammen med andre, bestemmer form\u00e5let med og midlene for behandlingen av personopplysninger.<\/li>\n\n\n\n<li>&laquo;Databehandler&raquo; betyr en juridisk person osv. som behandler personopplysninger p\u00e5 vegne av Behandlingsansvarlig.<\/li>\n<\/ul>\n\n\n\n<div style=\"height:50px\" aria-hidden=\"true\" class=\"wp-block-spacer\"><\/div>\n\n\n\n<h2 class=\"wp-block-heading\" style=\"font-style:normal;font-weight:100\">2. Typer personopplysninger som skal samles inn<\/h2>\n\n\n\n<p>Yanmar vil samle inn f\u00f8lgende typer personopplysninger om Kundene i forbindelse med produktene og tjenestene:<\/p>\n\n\n\n<ul class=\"wp-block-list\">\n<li>Kontaktinformasjon som gj\u00f8r det mulig for Yanmar \u00e5 identifisere og kommunisere med Kunden, for eksempel Kundens navn, telefonnummer, postadresse, e-postadresse og stedsinformasjon.<\/li>\n\n\n\n<li>Transaksjonsinformasjon om hvordan Kunden samhandler med Yanmar, Yanmars forhandlere og forretningspartnere, inkludert foresp\u00f8rsler, garantikrav og kj\u00f8p, bruk eller levering av produkter og tjenester.<\/li>\n\n\n\n<li>Relasjonsinformasjon hjelper Yanmar med \u00e5 forst\u00e5 kundenes personlige eller profesjonelle interesser, demografiske bakgrunn og erfaringer med Yanmars produkter og tjenester.<\/li>\n\n\n\n<li>Observert informasjon som automatisk ble innhentet av Yanmars maskiner i forbindelse med bruk av produktene og tjenestene, inkludert drift og plassering.<\/li>\n<\/ul>\n<\/div><\/div>\n","protected":false},"excerpt":{"rendered":"<p>Yanmar Holdings Co., Ltd. og dets konsernselskaper (&laquo;Yanmar&raquo;), i forbindelse med levering av produkter og tjenester til kunder (&laquo;Kundene&raquo;) bosatt i Det europeiske \u00f8konomiske samarbeidsomr\u00e5det* (&laquo;E\u00d8S&raquo;), i den hensikt \u00e5 [&hellip;]<\/p>\n","protected":false},"author":21,"featured_media":0,"parent":0,"menu_order":0,"comment_status":"closed","ping_status":"closed","template":"","meta":{"_acf_changed":false,"footnotes":""},"class_list":["post-7690","page","type-page","status-publish","hentry"],"acf":[],"yoast_head":"<!-- This site is optimized with the Yoast SEO Premium plugin v24.0 (Yoast SEO v27.5) - https:\/\/yoast.com\/product\/yoast-seo-premium-wordpress\/ -->\n<title>Personvernerkl\u00e6ring - Yanmar Europe Commercial Marine<\/title>\n<meta name=\"robots\" content=\"index, follow, max-snippet:-1, max-image-preview:large, max-video-preview:-1\" \/>\n<link rel=\"canonical\" href=\"https:\/\/yanmarmarine.eu\/no\/personvernerklaering\/\" \/>\n<meta property=\"og:locale\" content=\"nb_NO\" \/>\n<meta property=\"og:type\" content=\"article\" \/>\n<meta property=\"og:title\" content=\"Personvernerkl\u00e6ring\" \/>\n<meta property=\"og:description\" content=\"Yanmar Holdings Co., Ltd. og dets konsernselskaper (&laquo;Yanmar&raquo;), i forbindelse med levering av produkter og tjenester til kunder (&laquo;Kundene&raquo;) bosatt i Det europeiske \u00f8konomiske samarbeidsomr\u00e5det* (&laquo;E\u00d8S&raquo;), i den hensikt \u00e5 [&hellip;]\" \/>\n<meta property=\"og:url\" content=\"https:\/\/yanmarmarine.eu\/no\/personvernerklaering\/\" \/>\n<meta property=\"og:site_name\" content=\"Yanmar Europe Commercial Marine\" \/>\n<meta property=\"article:publisher\" content=\"https:\/\/www.facebook.com\/YANMARCM\" \/>\n<meta property=\"article:modified_time\" content=\"2026-01-14T12:27:32+00:00\" \/>\n<meta name=\"twitter:card\" content=\"summary_large_image\" \/>\n<meta name=\"twitter:label1\" content=\"Ansl. lesetid\" \/>\n\t<meta name=\"twitter:data1\" content=\"1 minutt\" \/>\n<script type=\"application\/ld+json\" class=\"yoast-schema-graph\">{\"@context\":\"https:\\\/\\\/schema.org\",\"@graph\":[{\"@type\":\"WebPage\",\"@id\":\"https:\\\/\\\/yanmarmarine.eu\\\/no\\\/personvernerklaering\\\/\",\"url\":\"https:\\\/\\\/yanmarmarine.eu\\\/no\\\/personvernerklaering\\\/\",\"name\":\"Personvernerkl\u00e6ring - Yanmar Europe Commercial Marine\",\"isPartOf\":{\"@id\":\"https:\\\/\\\/yanmarmarine.eu\\\/no\\\/#website\"},\"datePublished\":\"2023-12-29T12:49:15+00:00\",\"dateModified\":\"2026-01-14T12:27:32+00:00\",\"breadcrumb\":{\"@id\":\"https:\\\/\\\/yanmarmarine.eu\\\/no\\\/personvernerklaering\\\/#breadcrumb\"},\"inLanguage\":\"nb-NO\",\"potentialAction\":[{\"@type\":\"ReadAction\",\"target\":[\"https:\\\/\\\/yanmarmarine.eu\\\/no\\\/personvernerklaering\\\/\"]}]},{\"@type\":\"BreadcrumbList\",\"@id\":\"https:\\\/\\\/yanmarmarine.eu\\\/no\\\/personvernerklaering\\\/#breadcrumb\",\"itemListElement\":[{\"@type\":\"ListItem\",\"position\":1,\"name\":\"Hjem\",\"item\":\"https:\\\/\\\/yanmarmarine.eu\\\/no\\\/\"},{\"@type\":\"ListItem\",\"position\":2,\"name\":\"Personvernerkl\u00e6ring\"}]},{\"@type\":\"WebSite\",\"@id\":\"https:\\\/\\\/yanmarmarine.eu\\\/no\\\/#website\",\"url\":\"https:\\\/\\\/yanmarmarine.eu\\\/no\\\/\",\"name\":\"Yanmar Europe Commercial Marine\",\"description\":\"\",\"publisher\":{\"@id\":\"https:\\\/\\\/yanmarmarine.eu\\\/no\\\/#organization\"},\"potentialAction\":[{\"@type\":\"SearchAction\",\"target\":{\"@type\":\"EntryPoint\",\"urlTemplate\":\"https:\\\/\\\/yanmarmarine.eu\\\/no\\\/?s={search_term_string}\"},\"query-input\":{\"@type\":\"PropertyValueSpecification\",\"valueRequired\":true,\"valueName\":\"search_term_string\"}}],\"inLanguage\":\"nb-NO\"},{\"@type\":\"Organization\",\"@id\":\"https:\\\/\\\/yanmarmarine.eu\\\/no\\\/#organization\",\"name\":\"Yanmar Europe\",\"url\":\"https:\\\/\\\/yanmarmarine.eu\\\/no\\\/\",\"logo\":{\"@type\":\"ImageObject\",\"inLanguage\":\"nb-NO\",\"@id\":\"https:\\\/\\\/yanmarmarine.eu\\\/no\\\/#\\\/schema\\\/logo\\\/image\\\/\",\"url\":\"https:\\\/\\\/yanmarmarine.eu\\\/wp-content\\\/uploads\\\/2026\\\/01\\\/YANMAR-logo_300x240.jpg\",\"contentUrl\":\"https:\\\/\\\/yanmarmarine.eu\\\/wp-content\\\/uploads\\\/2026\\\/01\\\/YANMAR-logo_300x240.jpg\",\"width\":300,\"height\":240,\"caption\":\"Yanmar Europe\"},\"image\":{\"@id\":\"https:\\\/\\\/yanmarmarine.eu\\\/no\\\/#\\\/schema\\\/logo\\\/image\\\/\"},\"sameAs\":[\"https:\\\/\\\/www.facebook.com\\\/YANMARCM\",\"https:\\\/\\\/www.instagram.com\\\/yanmar_commercial_marine\\\/\",\"https:\\\/\\\/www.linkedin.com\\\/company\\\/2522277\\\/\"]}]}<\/script>\n<!-- \/ Yoast SEO Premium plugin. -->","yoast_head_json":{"title":"Personvernerkl\u00e6ring - Yanmar Europe Commercial Marine","robots":{"index":"index","follow":"follow","max-snippet":"max-snippet:-1","max-image-preview":"max-image-preview:large","max-video-preview":"max-video-preview:-1"},"canonical":"https:\/\/yanmarmarine.eu\/no\/personvernerklaering\/","og_locale":"nb_NO","og_type":"article","og_title":"Personvernerkl\u00e6ring","og_description":"Yanmar Holdings Co., Ltd. og dets konsernselskaper (&laquo;Yanmar&raquo;), i forbindelse med levering av produkter og tjenester til kunder (&laquo;Kundene&raquo;) bosatt i Det europeiske \u00f8konomiske samarbeidsomr\u00e5det* (&laquo;E\u00d8S&raquo;), i den hensikt \u00e5 [&hellip;]","og_url":"https:\/\/yanmarmarine.eu\/no\/personvernerklaering\/","og_site_name":"Yanmar Europe Commercial Marine","article_publisher":"https:\/\/www.facebook.com\/YANMARCM","article_modified_time":"2026-01-14T12:27:32+00:00","twitter_card":"summary_large_image","twitter_misc":{"Ansl. lesetid":"1 minutt"},"schema":{"@context":"https:\/\/schema.org","@graph":[{"@type":"WebPage","@id":"https:\/\/yanmarmarine.eu\/no\/personvernerklaering\/","url":"https:\/\/yanmarmarine.eu\/no\/personvernerklaering\/","name":"Personvernerkl\u00e6ring - Yanmar Europe Commercial Marine","isPartOf":{"@id":"https:\/\/yanmarmarine.eu\/no\/#website"},"datePublished":"2023-12-29T12:49:15+00:00","dateModified":"2026-01-14T12:27:32+00:00","breadcrumb":{"@id":"https:\/\/yanmarmarine.eu\/no\/personvernerklaering\/#breadcrumb"},"inLanguage":"nb-NO","potentialAction":[{"@type":"ReadAction","target":["https:\/\/yanmarmarine.eu\/no\/personvernerklaering\/"]}]},{"@type":"BreadcrumbList","@id":"https:\/\/yanmarmarine.eu\/no\/personvernerklaering\/#breadcrumb","itemListElement":[{"@type":"ListItem","position":1,"name":"Hjem","item":"https:\/\/yanmarmarine.eu\/no\/"},{"@type":"ListItem","position":2,"name":"Personvernerkl\u00e6ring"}]},{"@type":"WebSite","@id":"https:\/\/yanmarmarine.eu\/no\/#website","url":"https:\/\/yanmarmarine.eu\/no\/","name":"Yanmar Europe Commercial Marine","description":"","publisher":{"@id":"https:\/\/yanmarmarine.eu\/no\/#organization"},"potentialAction":[{"@type":"SearchAction","target":{"@type":"EntryPoint","urlTemplate":"https:\/\/yanmarmarine.eu\/no\/?s={search_term_string}"},"query-input":{"@type":"PropertyValueSpecification","valueRequired":true,"valueName":"search_term_string"}}],"inLanguage":"nb-NO"},{"@type":"Organization","@id":"https:\/\/yanmarmarine.eu\/no\/#organization","name":"Yanmar Europe","url":"https:\/\/yanmarmarine.eu\/no\/","logo":{"@type":"ImageObject","inLanguage":"nb-NO","@id":"https:\/\/yanmarmarine.eu\/no\/#\/schema\/logo\/image\/","url":"https:\/\/yanmarmarine.eu\/wp-content\/uploads\/2026\/01\/YANMAR-logo_300x240.jpg","contentUrl":"https:\/\/yanmarmarine.eu\/wp-content\/uploads\/2026\/01\/YANMAR-logo_300x240.jpg","width":300,"height":240,"caption":"Yanmar Europe"},"image":{"@id":"https:\/\/yanmarmarine.eu\/no\/#\/schema\/logo\/image\/"},"sameAs":["https:\/\/www.facebook.com\/YANMARCM","https:\/\/www.instagram.com\/yanmar_commercial_marine\/","https:\/\/www.linkedin.com\/company\/2522277\/"]}]}},"jetpack_sharing_enabled":true,"_links":{"self":[{"href":"https:\/\/yanmarmarine.eu\/no\/wp-json\/wp\/v2\/pages\/7690","targetHints":{"allow":["GET"]}}],"collection":[{"href":"https:\/\/yanmarmarine.eu\/no\/wp-json\/wp\/v2\/pages"}],"about":[{"href":"https:\/\/yanmarmarine.eu\/no\/wp-json\/wp\/v2\/types\/page"}],"author":[{"embeddable":true,"href":"https:\/\/yanmarmarine.eu\/no\/wp-json\/wp\/v2\/users\/21"}],"replies":[{"embeddable":true,"href":"https:\/\/yanmarmarine.eu\/no\/wp-json\/wp\/v2\/comments?post=7690"}],"version-history":[{"count":1,"href":"https:\/\/yanmarmarine.eu\/no\/wp-json\/wp\/v2\/pages\/7690\/revisions"}],"predecessor-version":[{"id":7692,"href":"https:\/\/yanmarmarine.eu\/no\/wp-json\/wp\/v2\/pages\/7690\/revisions\/7692"}],"wp:attachment":[{"href":"https:\/\/yanmarmarine.eu\/no\/wp-json\/wp\/v2\/media?parent=7690"}],"curies":[{"name":"wp","href":"https:\/\/api.w.org\/{rel}","templated":true}]}}