{"id":7699,"date":"2025-06-05T06:52:10","date_gmt":"2025-06-05T06:52:10","guid":{"rendered":"https:\/\/yanmarmarine.eu\/attester\/"},"modified":"2026-01-14T12:27:39","modified_gmt":"2026-01-14T12:27:39","slug":"attester","status":"publish","type":"page","link":"https:\/\/yanmarmarine.eu\/no\/attester\/","title":{"rendered":"Attester"},"content":{"rendered":"\n<div class=\"wp-block-group\"><div class=\"wp-block-group__inner-container is-layout-constrained wp-block-group-is-layout-constrained\">\n<p class=\"has-text-align-center font-medium has-primary-color has-text-color has-link-color wp-elements-f921b379ff78e8e56bf0c0cae3c14f07\" style=\"font-size:16px;text-transform:uppercase\">TESTIMONIALER<\/p>\n\n\n\n<p class=\"has-text-align-center leading-55 has-black-color has-text-color has-link-color has-x-large-font-size wp-elements-f274a6288ae724b2dac4f91a293ad00f\"><strong>Bevist Yanmar-kraft til sj\u00f8s<\/strong><\/p>\n<\/div><\/div>\n\n<div class=\"wp-block-group\"><div class=\"wp-block-group__inner-container is-layout-constrained wp-block-group-is-layout-constrained\">\n<section class=\"b-block b-news-grid \" data-block_f6533cde413f6e3fc0f8a016f1405498 >\n  <div class=\"c-post-items is-grid b-warranty-news\">\n    <ul class=\"o-list-bare c-post-items__list\">\n                  <li class=\"c-search__results-item c-card c-post-item c-post-item--post\">\n  <div class=\"c-post-item__image\">\n    <figure class=\"c-card__image-wrapper\">\n      <a href=\"https:\/\/yanmarmarine.eu\/no\/yanmar-driver-orca-yka\/\" tabindex=\"-1\" aria-label=\"Read more about Yanmar driver Orca Yka\">\n                  <img decoding=\"async\" width=\"500\" height=\"300\" src=\"https:\/\/i0.wp.com\/yanmarmarine.eu\/wp-content\/uploads\/2022\/04\/orca_yka_500x300.jpg?resize=500%2C300&amp;ssl=1\" class=\"wp-image c-card__image\" alt=\"\" srcset=\"https:\/\/i0.wp.com\/yanmarmarine.eu\/wp-content\/uploads\/2022\/04\/orca_yka_500x300.jpg?w=500&amp;ssl=1 500w, https:\/\/i0.wp.com\/yanmarmarine.eu\/wp-content\/uploads\/2022\/04\/orca_yka_500x300.jpg?resize=300%2C180&amp;ssl=1 300w\" sizes=\"(max-width: 500px) 100vw, 500px\" \/>\n              <\/a>\n    <\/figure>\n  <\/div>\n\n  <div class=\"c-card__content\">\n    <a href=\"https:\/\/yanmarmarine.eu\/no\/yanmar-driver-orca-yka\/\" tabindex=\"-1\" class=\"c-post-item__link\">\n      <h2 class=\"c-card__title\">\n        Yanmar driver Orca Yka\n      <\/h2>\n\n              <time datetime=\"2022-04-18T08:23:00+00:00\"  class=\"c-post-item__date\">\n          april 18, 2022\n        <\/time>\n      \n              <div class=\"c-card__copy\">\n          <p>Etter den offisielle navneseremonien ved verftet Larsnes Mek. Verksted AS den 26. mars, vil MV Orca Yka snart v\u00e6re p\u00e5 vei til S\u00f8r-Amerika for \u00e5&#8230;<\/p>\n        <\/div>\n          <\/a>\n\n    <div class=\"c-post-item__bottom\">\n                        \n<span><\/span>\n              \n              <div class=\"c-card__tags\">\n                                    <a href=\"https:\/\/yanmarmarine.eu\/no\/tag\/6ey33w\/\" class=\"c-card__tag\">6ey33w<\/a>\n                              <\/div>\n          <\/div>\n  <\/div>\n<\/li>\n                  <li class=\"c-search__results-item c-card c-post-item c-post-item--post\">\n  <div class=\"c-post-item__image\">\n    <figure class=\"c-card__image-wrapper\">\n      <a href=\"https:\/\/yanmarmarine.eu\/no\/bronnbat-med-yanmar-aggregat-starter-arbeidet\/\" tabindex=\"-1\" aria-label=\"Read more about Br\u00f8nnb\u00e5t med Yanmar-aggregat starter arbeidet\">\n                  <img decoding=\"async\" width=\"768\" height=\"576\" src=\"https:\/\/i0.wp.com\/yanmarmarine.eu\/wp-content\/uploads\/2024\/05\/Gaso1-1.jpg?resize=768%2C576&amp;ssl=1\" class=\"wp-image c-card__image\" alt=\"\" \/>\n              <\/a>\n    <\/figure>\n  <\/div>\n\n  <div class=\"c-card__content\">\n    <a href=\"https:\/\/yanmarmarine.eu\/no\/bronnbat-med-yanmar-aggregat-starter-arbeidet\/\" tabindex=\"-1\" class=\"c-post-item__link\">\n      <h2 class=\"c-card__title\">\n        Br\u00f8nnb\u00e5t med Yanmar-aggregat starter arbeidet\n      <\/h2>\n\n              <time datetime=\"2022-01-25T14:01:00+00:00\"  class=\"c-post-item__date\">\n          januar 25, 2022\n        <\/time>\n      \n              <div class=\"c-card__copy\">\n          <p>Etter \u00e5 ha best\u00e5tt teknisk inspeksjon er br\u00f8nnb\u00e5ten G\u00e5s\u00f8 H\u00f8vding satt i drift. Fart\u00f8yet er bygget av Sefine Shipyard i Tyrkia etter design fra M\u00f8re&#8230;<\/p>\n        <\/div>\n          <\/a>\n\n    <div class=\"c-post-item__bottom\">\n                        \n<span><\/span>\n              \n              <div class=\"c-card__tags\">\n                                    <a href=\"https:\/\/yanmarmarine.eu\/no\/tag\/6ey22alws\/\" class=\"c-card__tag\">6ey22alws<\/a>\n                                                <a href=\"https:\/\/yanmarmarine.eu\/no\/tag\/bronnbat\/\" class=\"c-card__tag\">br\u00f8nnb\u00e5t<\/a>\n                                                    <\/div>\n          <\/div>\n  <\/div>\n<\/li>\n                  <li class=\"c-search__results-item c-card c-post-item c-post-item--post\">\n  <div class=\"c-post-item__image\">\n    <figure class=\"c-card__image-wrapper\">\n      <a href=\"https:\/\/yanmarmarine.eu\/no\/yanmar-motorer-driver-ny-hypermoderne-langlinebat-i-norge\/\" tabindex=\"-1\" aria-label=\"Read more about YANMAR-MOTORER DRIVER NY, HYPERMODERNE LANGLINEB\u00c5T I NORGE\">\n                  <img decoding=\"async\" width=\"355\" height=\"200\" src=\"https:\/\/i0.wp.com\/yanmarmarine.eu\/wp-content\/uploads\/2021\/12\/Geir-355x200-1.jpg?resize=355%2C200&amp;ssl=1\" class=\"wp-image c-card__image\" alt=\"\" srcset=\"https:\/\/i0.wp.com\/yanmarmarine.eu\/wp-content\/uploads\/2021\/12\/Geir-355x200-1.jpg?w=355&amp;ssl=1 355w, https:\/\/i0.wp.com\/yanmarmarine.eu\/wp-content\/uploads\/2021\/12\/Geir-355x200-1.jpg?resize=300%2C169&amp;ssl=1 300w\" sizes=\"(max-width: 355px) 100vw, 355px\" \/>\n              <\/a>\n    <\/figure>\n  <\/div>\n\n  <div class=\"c-card__content\">\n    <a href=\"https:\/\/yanmarmarine.eu\/no\/yanmar-motorer-driver-ny-hypermoderne-langlinebat-i-norge\/\" tabindex=\"-1\" class=\"c-post-item__link\">\n      <h2 class=\"c-card__title\">\n        YANMAR-MOTORER DRIVER NY, HYPERMODERNE LANGLINEB\u00c5T I NORGE\n      <\/h2>\n\n              <time datetime=\"2021-12-04T15:19:00+00:00\"  class=\"c-post-item__date\">\n          desember 4, 2021\n        <\/time>\n      \n              <div class=\"c-card__copy\">\n          <p>For tredje gang har det norske rederiet HP Holmeset A.S. bestilt en ny langlineb\u00e5t &#8211; kalt Geir &#8211; fra Skipsteknisk. Med en total lengde p\u00e5&#8230;<\/p>\n        <\/div>\n          <\/a>\n\n    <div class=\"c-post-item__bottom\">\n                        \n<span><\/span>\n              \n          <\/div>\n  <\/div>\n<\/li>\n                  <li class=\"c-search__results-item c-card c-post-item c-post-item--post\">\n  <div class=\"c-post-item__image\">\n    <figure class=\"c-card__image-wrapper\">\n      <a href=\"https:\/\/yanmarmarine.eu\/no\/elding-eventyr-til-sjos-reykjavik\/\" tabindex=\"-1\" aria-label=\"Read more about Elding-eventyr til sj\u00f8s, Reykjavik\">\n                  <img decoding=\"async\" width=\"344\" height=\"257\" src=\"https:\/\/i0.wp.com\/yanmarmarine.eu\/wp-content\/uploads\/2021\/10\/Elding-Iceland.jpg?resize=344%2C257&amp;ssl=1\" class=\"wp-image c-card__image\" alt=\"\" srcset=\"https:\/\/i0.wp.com\/yanmarmarine.eu\/wp-content\/uploads\/2021\/10\/Elding-Iceland.jpg?w=344&amp;ssl=1 344w, https:\/\/i0.wp.com\/yanmarmarine.eu\/wp-content\/uploads\/2021\/10\/Elding-Iceland.jpg?resize=300%2C224&amp;ssl=1 300w\" sizes=\"(max-width: 344px) 100vw, 344px\" \/>\n              <\/a>\n    <\/figure>\n  <\/div>\n\n  <div class=\"c-card__content\">\n    <a href=\"https:\/\/yanmarmarine.eu\/no\/elding-eventyr-til-sjos-reykjavik\/\" tabindex=\"-1\" class=\"c-post-item__link\">\n      <h2 class=\"c-card__title\">\n        Elding-eventyr til sj\u00f8s, Reykjavik\n      <\/h2>\n\n              <time datetime=\"2021-10-18T15:28:00+00:00\"  class=\"c-post-item__date\">\n          oktober 18, 2021\n        <\/time>\n      \n              <div class=\"c-card__copy\">\n          <p>Elding Whale Watching har flere ti\u00e5r med erfaring og tilbyr de mest omtalte hvalsafari- og havopplevelsesturene p\u00e5 Island. Hele \u00e5ret tilbyr de hvalsafari, insentiv- og&#8230;<\/p>\n        <\/div>\n          <\/a>\n\n    <div class=\"c-post-item__bottom\">\n                        \n<span><\/span>\n              \n          <\/div>\n  <\/div>\n<\/li>\n                  <li class=\"c-search__results-item c-card c-post-item c-post-item--post\">\n  <div class=\"c-post-item__image\">\n    <figure class=\"c-card__image-wrapper\">\n      <a href=\"https:\/\/yanmarmarine.eu\/no\/yanmar-leverer-den-160-marinemotoren-til-skandinaviske-fiskevann\/\" tabindex=\"-1\" aria-label=\"Read more about Yanmar leverer den 160. marinemotoren til skandinaviske fiskevann\">\n                  <img decoding=\"async\" width=\"500\" height=\"300\" src=\"https:\/\/i0.wp.com\/yanmarmarine.eu\/wp-content\/uploads\/2021\/01\/160th-marine-engine_500x300.jpg?resize=500%2C300&amp;ssl=1\" class=\"wp-image c-card__image\" alt=\"\" srcset=\"https:\/\/i0.wp.com\/yanmarmarine.eu\/wp-content\/uploads\/2021\/01\/160th-marine-engine_500x300.jpg?w=500&amp;ssl=1 500w, https:\/\/i0.wp.com\/yanmarmarine.eu\/wp-content\/uploads\/2021\/01\/160th-marine-engine_500x300.jpg?resize=300%2C180&amp;ssl=1 300w\" sizes=\"(max-width: 500px) 100vw, 500px\" \/>\n              <\/a>\n    <\/figure>\n  <\/div>\n\n  <div class=\"c-card__content\">\n    <a href=\"https:\/\/yanmarmarine.eu\/no\/yanmar-leverer-den-160-marinemotoren-til-skandinaviske-fiskevann\/\" tabindex=\"-1\" class=\"c-post-item__link\">\n      <h2 class=\"c-card__title\">\n        Yanmar leverer den 160. marinemotoren til skandinaviske fiskevann\n      <\/h2>\n\n              <time datetime=\"2021-01-11T12:56:00+00:00\"  class=\"c-post-item__date\">\n          januar 11, 2021\n        <\/time>\n      \n              <div class=\"c-card__copy\">\n          <p>Yanmar Europe B.V. har levert sin 160. motor til fiskeindustrien i skandinaviske farvann. Mer enn 45 motorer, inkludert denne, har allerede funnet veien til Norge&#8230;<\/p>\n        <\/div>\n          <\/a>\n\n    <div class=\"c-post-item__bottom\">\n                        \n<span><\/span>\n              \n              <div class=\"c-card__tags\">\n                                    <a href=\"https:\/\/yanmarmarine.eu\/no\/tag\/6ey33w\/\" class=\"c-card__tag\">6ey33w<\/a>\n                              <\/div>\n          <\/div>\n  <\/div>\n<\/li>\n                  <li class=\"c-search__results-item c-card c-post-item c-post-item--post\">\n  <div class=\"c-post-item__image\">\n    <figure class=\"c-card__image-wrapper\">\n      <a href=\"https:\/\/yanmarmarine.eu\/no\/ny-motor-forbedrer-tralerens-trekkraft-med-15-prosent\/\" tabindex=\"-1\" aria-label=\"Read more about Ny motor forbedrer tr\u00e5lerens trekkraft med 15 prosent\">\n                  <img decoding=\"async\" width=\"500\" height=\"300\" src=\"https:\/\/i0.wp.com\/yanmarmarine.eu\/wp-content\/uploads\/2020\/10\/new-enggine_500x300.jpg?resize=500%2C300&amp;ssl=1\" class=\"wp-image c-card__image\" alt=\"\" srcset=\"https:\/\/i0.wp.com\/yanmarmarine.eu\/wp-content\/uploads\/2020\/10\/new-enggine_500x300.jpg?w=500&amp;ssl=1 500w, https:\/\/i0.wp.com\/yanmarmarine.eu\/wp-content\/uploads\/2020\/10\/new-enggine_500x300.jpg?resize=300%2C180&amp;ssl=1 300w\" sizes=\"(max-width: 500px) 100vw, 500px\" \/>\n              <\/a>\n    <\/figure>\n  <\/div>\n\n  <div class=\"c-card__content\">\n    <a href=\"https:\/\/yanmarmarine.eu\/no\/ny-motor-forbedrer-tralerens-trekkraft-med-15-prosent\/\" tabindex=\"-1\" class=\"c-post-item__link\">\n      <h2 class=\"c-card__title\">\n        Ny motor forbedrer tr\u00e5lerens trekkraft med 15 prosent\n      <\/h2>\n\n              <time datetime=\"2020-10-12T14:17:00+00:00\"  class=\"c-post-item__date\">\n          oktober 12, 2020\n        <\/time>\n      \n              <div class=\"c-card__copy\">\n          <p>&laquo;15 % mer fangst&raquo;, sa Emmanuel Cloirec etter \u00e5 ha utstyrt fart\u00f8yet Pasihae II med en 6-sylindret 6AYM-WST Yanmar h\u00f8yhastighetsmotor som yter 485 kW ved&#8230;<\/p>\n        <\/div>\n          <\/a>\n\n    <div class=\"c-post-item__bottom\">\n                        \n<span><\/span>\n              \n              <div class=\"c-card__tags\">\n                                    <a href=\"https:\/\/yanmarmarine.eu\/no\/tag\/6aym-wst\/\" class=\"c-card__tag\">6aym-wst<\/a>\n                              <\/div>\n          <\/div>\n  <\/div>\n<\/li>\n                  <li class=\"c-search__results-item c-card c-post-item c-post-item--post\">\n  <div class=\"c-post-item__image\">\n    <figure class=\"c-card__image-wrapper\">\n      <a href=\"https:\/\/yanmarmarine.eu\/no\/yanmar-er-et-foretrukket-valg-for-statum-pusher-tug\/\" tabindex=\"-1\" aria-label=\"Read more about YANMAR er et foretrukket valg for Statum Pusher Tug\">\n                  <img decoding=\"async\" width=\"355\" height=\"200\" src=\"https:\/\/i0.wp.com\/yanmarmarine.eu\/wp-content\/uploads\/2020\/09\/sattum-355x200-1.jpg?resize=355%2C200&amp;ssl=1\" class=\"wp-image c-card__image\" alt=\"\" srcset=\"https:\/\/i0.wp.com\/yanmarmarine.eu\/wp-content\/uploads\/2020\/09\/sattum-355x200-1.jpg?w=355&amp;ssl=1 355w, https:\/\/i0.wp.com\/yanmarmarine.eu\/wp-content\/uploads\/2020\/09\/sattum-355x200-1.jpg?resize=300%2C169&amp;ssl=1 300w\" sizes=\"(max-width: 355px) 100vw, 355px\" \/>\n              <\/a>\n    <\/figure>\n  <\/div>\n\n  <div class=\"c-card__content\">\n    <a href=\"https:\/\/yanmarmarine.eu\/no\/yanmar-er-et-foretrukket-valg-for-statum-pusher-tug\/\" tabindex=\"-1\" class=\"c-post-item__link\">\n      <h2 class=\"c-card__title\">\n        YANMAR er et foretrukket valg for Statum Pusher Tug\n      <\/h2>\n\n              <time datetime=\"2020-09-14T15:26:00+00:00\"  class=\"c-post-item__date\">\n          september 14, 2020\n        <\/time>\n      \n              <div class=\"c-card__copy\">\n          <p>Statum har regelmessig arbeid og opererer over 5000 timer \u00e5rlig. Fart\u00f8yet skyver to lektere, som kan frakte 4 000 til 6 000 tonn r\u00e5varer til&#8230;<\/p>\n        <\/div>\n          <\/a>\n\n    <div class=\"c-post-item__bottom\">\n                        \n<span><\/span>\n              \n          <\/div>\n  <\/div>\n<\/li>\n                  <li class=\"c-search__results-item c-card c-post-item c-post-item--post\">\n  <div class=\"c-post-item__image\">\n    <figure class=\"c-card__image-wrapper\">\n      <a href=\"https:\/\/yanmarmarine.eu\/no\/nye-netter-longliner-stormhav-har-yanmar-kraft-pa-innsiden\/\" tabindex=\"-1\" aria-label=\"Read more about Nye Netter\/Longliner Stormhav har Yanmar-kraft p\u00e5 innsiden\">\n                  <img decoding=\"async\" width=\"768\" height=\"565\" src=\"https:\/\/i0.wp.com\/yanmarmarine.eu\/wp-content\/uploads\/2024\/05\/Stormhav3.jpg?resize=768%2C565&amp;ssl=1\" class=\"wp-image c-card__image\" alt=\"\" \/>\n              <\/a>\n    <\/figure>\n  <\/div>\n\n  <div class=\"c-card__content\">\n    <a href=\"https:\/\/yanmarmarine.eu\/no\/nye-netter-longliner-stormhav-har-yanmar-kraft-pa-innsiden\/\" tabindex=\"-1\" class=\"c-post-item__link\">\n      <h2 class=\"c-card__title\">\n        Nye Netter\/Longliner Stormhav har Yanmar-kraft p\u00e5 innsiden\n      <\/h2>\n\n              <time datetime=\"2020-09-07T14:52:00+00:00\"  class=\"c-post-item__date\">\n          september 7, 2020\n        <\/time>\n      \n              <div class=\"c-card__copy\">\n          <p>Norsk fiskerin\u00e6ring har f\u00e5tt en ny juvel i kronen: Stormhav, et nesten 28 meter langt kombinert line- og notfart\u00f8y, som nylig ble sj\u00f8satt. Dette not-&#8230;<\/p>\n        <\/div>\n          <\/a>\n\n    <div class=\"c-post-item__bottom\">\n                        \n<span><\/span>\n              \n              <div class=\"c-card__tags\">\n                                    <a href=\"https:\/\/yanmarmarine.eu\/no\/tag\/6ey17w\/\" class=\"c-card__tag\">6ey17w<\/a>\n                              <\/div>\n          <\/div>\n  <\/div>\n<\/li>\n                  <li class=\"c-search__results-item c-card c-post-item c-post-item--post\">\n  <div class=\"c-post-item__image\">\n    <figure class=\"c-card__image-wrapper\">\n      <a href=\"https:\/\/yanmarmarine.eu\/no\/belgisk-skipper-lovpriser-sin-palitelige-yanmar-diesel\/\" tabindex=\"-1\" aria-label=\"Read more about Belgisk skipper lovpriser sin p\u00e5litelige Yanmar-diesel\">\n                  <img decoding=\"async\" width=\"355\" height=\"200\" src=\"https:\/\/i0.wp.com\/yanmarmarine.eu\/wp-content\/uploads\/2020\/08\/skipper-55x200-1.jpg?resize=355%2C200&amp;ssl=1\" class=\"wp-image c-card__image\" alt=\"\" srcset=\"https:\/\/i0.wp.com\/yanmarmarine.eu\/wp-content\/uploads\/2020\/08\/skipper-55x200-1.jpg?w=355&amp;ssl=1 355w, https:\/\/i0.wp.com\/yanmarmarine.eu\/wp-content\/uploads\/2020\/08\/skipper-55x200-1.jpg?resize=300%2C169&amp;ssl=1 300w\" sizes=\"(max-width: 355px) 100vw, 355px\" \/>\n              <\/a>\n    <\/figure>\n  <\/div>\n\n  <div class=\"c-card__content\">\n    <a href=\"https:\/\/yanmarmarine.eu\/no\/belgisk-skipper-lovpriser-sin-palitelige-yanmar-diesel\/\" tabindex=\"-1\" class=\"c-post-item__link\">\n      <h2 class=\"c-card__title\">\n        Belgisk skipper lovpriser sin p\u00e5litelige Yanmar-diesel\n      <\/h2>\n\n              <time datetime=\"2020-08-20T15:30:00+00:00\"  class=\"c-post-item__date\">\n          august 20, 2020\n        <\/time>\n      \n              <div class=\"c-card__copy\">\n          <p>N\u00e5r skipper Danny Alderweireld fra Sint-Job-in-&#8216;t-Goor i Belgia av og til utveksler erfaringer med kolleger, er det alltid en stor overraskelse n\u00e5r han forteller om&#8230;<\/p>\n        <\/div>\n          <\/a>\n\n    <div class=\"c-post-item__bottom\">\n                        \n<span><\/span>\n              \n          <\/div>\n  <\/div>\n<\/li>\n          <\/ul>\n  <\/div>\n\n  <\/section>\n\n<\/div><\/div>\n\n<div class=\"wp-block-buttons is-content-justification-center is-layout-flex wp-container-core-buttons-is-layout-16018d1d wp-block-buttons-is-layout-flex\">\n<div class=\"wp-block-button\"><a class=\"wp-block-button__link wp-element-button\">Se alle attester<\/a><\/div>\n<\/div>\n\n<div style=\"height:100px\" aria-hidden=\"true\" class=\"wp-block-spacer\"><\/div>\n","protected":false},"excerpt":{"rendered":"<p>TESTIMONIALER Bevist Yanmar-kraft til sj\u00f8s<\/p>\n","protected":false},"author":21,"featured_media":0,"parent":0,"menu_order":0,"comment_status":"closed","ping_status":"closed","template":"","meta":{"_acf_changed":false,"footnotes":""},"class_list":["post-7699","page","type-page","status-publish","hentry"],"acf":[],"yoast_head":"<!-- This site is optimized with the Yoast SEO Premium plugin v24.0 (Yoast SEO v27.1.1) - https:\/\/yoast.com\/product\/yoast-seo-premium-wordpress\/ -->\n<title>Attester - Yanmar Europe Commercial Marine<\/title>\n<meta name=\"robots\" content=\"index, follow, max-snippet:-1, max-image-preview:large, max-video-preview:-1\" \/>\n<link rel=\"canonical\" href=\"https:\/\/yanmarmarine.eu\/no\/attester\/\" \/>\n<meta property=\"og:locale\" content=\"nb_NO\" \/>\n<meta property=\"og:type\" content=\"article\" \/>\n<meta property=\"og:title\" content=\"Attester\" \/>\n<meta property=\"og:description\" content=\"TESTIMONIALER Bevist Yanmar-kraft til sj\u00f8s\" \/>\n<meta property=\"og:url\" content=\"https:\/\/yanmarmarine.eu\/no\/attester\/\" \/>\n<meta property=\"og:site_name\" content=\"Yanmar Europe Commercial Marine\" \/>\n<meta property=\"article:publisher\" content=\"https:\/\/www.facebook.com\/YANMARCM\" \/>\n<meta property=\"article:modified_time\" content=\"2026-01-14T12:27:39+00:00\" \/>\n<meta name=\"twitter:card\" content=\"summary_large_image\" \/>\n<script type=\"application\/ld+json\" class=\"yoast-schema-graph\">{\"@context\":\"https:\/\/schema.org\",\"@graph\":[{\"@type\":\"WebPage\",\"@id\":\"https:\/\/yanmarmarine.eu\/no\/attester\/\",\"url\":\"https:\/\/yanmarmarine.eu\/no\/attester\/\",\"name\":\"Attester - Yanmar Europe Commercial Marine\",\"isPartOf\":{\"@id\":\"https:\/\/yanmarmarine.eu\/no\/#website\"},\"datePublished\":\"2025-06-05T06:52:10+00:00\",\"dateModified\":\"2026-01-14T12:27:39+00:00\",\"breadcrumb\":{\"@id\":\"https:\/\/yanmarmarine.eu\/no\/attester\/#breadcrumb\"},\"inLanguage\":\"nb-NO\",\"potentialAction\":[{\"@type\":\"ReadAction\",\"target\":[\"https:\/\/yanmarmarine.eu\/no\/attester\/\"]}]},{\"@type\":\"BreadcrumbList\",\"@id\":\"https:\/\/yanmarmarine.eu\/no\/attester\/#breadcrumb\",\"itemListElement\":[{\"@type\":\"ListItem\",\"position\":1,\"name\":\"Hjem\",\"item\":\"https:\/\/yanmarmarine.eu\/no\/\"},{\"@type\":\"ListItem\",\"position\":2,\"name\":\"Attester\"}]},{\"@type\":\"WebSite\",\"@id\":\"https:\/\/yanmarmarine.eu\/no\/#website\",\"url\":\"https:\/\/yanmarmarine.eu\/no\/\",\"name\":\"Yanmar Europe Commercial Marine\",\"description\":\"\",\"publisher\":{\"@id\":\"https:\/\/yanmarmarine.eu\/no\/#organization\"},\"potentialAction\":[{\"@type\":\"SearchAction\",\"target\":{\"@type\":\"EntryPoint\",\"urlTemplate\":\"https:\/\/yanmarmarine.eu\/no\/?s={search_term_string}\"},\"query-input\":{\"@type\":\"PropertyValueSpecification\",\"valueRequired\":true,\"valueName\":\"search_term_string\"}}],\"inLanguage\":\"nb-NO\"},{\"@type\":\"Organization\",\"@id\":\"https:\/\/yanmarmarine.eu\/no\/#organization\",\"name\":\"Yanmar Europe\",\"url\":\"https:\/\/yanmarmarine.eu\/no\/\",\"logo\":{\"@type\":\"ImageObject\",\"inLanguage\":\"nb-NO\",\"@id\":\"https:\/\/yanmarmarine.eu\/no\/#\/schema\/logo\/image\/\",\"url\":\"https:\/\/yanmarmarine.eu\/wp-content\/uploads\/2026\/01\/YANMAR-logo_300x240.jpg\",\"contentUrl\":\"https:\/\/yanmarmarine.eu\/wp-content\/uploads\/2026\/01\/YANMAR-logo_300x240.jpg\",\"width\":300,\"height\":240,\"caption\":\"Yanmar Europe\"},\"image\":{\"@id\":\"https:\/\/yanmarmarine.eu\/no\/#\/schema\/logo\/image\/\"},\"sameAs\":[\"https:\/\/www.facebook.com\/YANMARCM\",\"https:\/\/www.instagram.com\/yanmar_commercial_marine\/\",\"https:\/\/www.linkedin.com\/company\/2522277\/\"]}]}<\/script>\n<!-- \/ Yoast SEO Premium plugin. -->","yoast_head_json":{"title":"Attester - Yanmar Europe Commercial Marine","robots":{"index":"index","follow":"follow","max-snippet":"max-snippet:-1","max-image-preview":"max-image-preview:large","max-video-preview":"max-video-preview:-1"},"canonical":"https:\/\/yanmarmarine.eu\/no\/attester\/","og_locale":"nb_NO","og_type":"article","og_title":"Attester","og_description":"TESTIMONIALER Bevist Yanmar-kraft til sj\u00f8s","og_url":"https:\/\/yanmarmarine.eu\/no\/attester\/","og_site_name":"Yanmar Europe Commercial Marine","article_publisher":"https:\/\/www.facebook.com\/YANMARCM","article_modified_time":"2026-01-14T12:27:39+00:00","twitter_card":"summary_large_image","schema":{"@context":"https:\/\/schema.org","@graph":[{"@type":"WebPage","@id":"https:\/\/yanmarmarine.eu\/no\/attester\/","url":"https:\/\/yanmarmarine.eu\/no\/attester\/","name":"Attester - Yanmar Europe Commercial Marine","isPartOf":{"@id":"https:\/\/yanmarmarine.eu\/no\/#website"},"datePublished":"2025-06-05T06:52:10+00:00","dateModified":"2026-01-14T12:27:39+00:00","breadcrumb":{"@id":"https:\/\/yanmarmarine.eu\/no\/attester\/#breadcrumb"},"inLanguage":"nb-NO","potentialAction":[{"@type":"ReadAction","target":["https:\/\/yanmarmarine.eu\/no\/attester\/"]}]},{"@type":"BreadcrumbList","@id":"https:\/\/yanmarmarine.eu\/no\/attester\/#breadcrumb","itemListElement":[{"@type":"ListItem","position":1,"name":"Hjem","item":"https:\/\/yanmarmarine.eu\/no\/"},{"@type":"ListItem","position":2,"name":"Attester"}]},{"@type":"WebSite","@id":"https:\/\/yanmarmarine.eu\/no\/#website","url":"https:\/\/yanmarmarine.eu\/no\/","name":"Yanmar Europe Commercial Marine","description":"","publisher":{"@id":"https:\/\/yanmarmarine.eu\/no\/#organization"},"potentialAction":[{"@type":"SearchAction","target":{"@type":"EntryPoint","urlTemplate":"https:\/\/yanmarmarine.eu\/no\/?s={search_term_string}"},"query-input":{"@type":"PropertyValueSpecification","valueRequired":true,"valueName":"search_term_string"}}],"inLanguage":"nb-NO"},{"@type":"Organization","@id":"https:\/\/yanmarmarine.eu\/no\/#organization","name":"Yanmar Europe","url":"https:\/\/yanmarmarine.eu\/no\/","logo":{"@type":"ImageObject","inLanguage":"nb-NO","@id":"https:\/\/yanmarmarine.eu\/no\/#\/schema\/logo\/image\/","url":"https:\/\/yanmarmarine.eu\/wp-content\/uploads\/2026\/01\/YANMAR-logo_300x240.jpg","contentUrl":"https:\/\/yanmarmarine.eu\/wp-content\/uploads\/2026\/01\/YANMAR-logo_300x240.jpg","width":300,"height":240,"caption":"Yanmar Europe"},"image":{"@id":"https:\/\/yanmarmarine.eu\/no\/#\/schema\/logo\/image\/"},"sameAs":["https:\/\/www.facebook.com\/YANMARCM","https:\/\/www.instagram.com\/yanmar_commercial_marine\/","https:\/\/www.linkedin.com\/company\/2522277\/"]}]}},"jetpack_sharing_enabled":true,"_links":{"self":[{"href":"https:\/\/yanmarmarine.eu\/no\/wp-json\/wp\/v2\/pages\/7699","targetHints":{"allow":["GET"]}}],"collection":[{"href":"https:\/\/yanmarmarine.eu\/no\/wp-json\/wp\/v2\/pages"}],"about":[{"href":"https:\/\/yanmarmarine.eu\/no\/wp-json\/wp\/v2\/types\/page"}],"author":[{"embeddable":true,"href":"https:\/\/yanmarmarine.eu\/no\/wp-json\/wp\/v2\/users\/21"}],"replies":[{"embeddable":true,"href":"https:\/\/yanmarmarine.eu\/no\/wp-json\/wp\/v2\/comments?post=7699"}],"version-history":[{"count":1,"href":"https:\/\/yanmarmarine.eu\/no\/wp-json\/wp\/v2\/pages\/7699\/revisions"}],"predecessor-version":[{"id":7700,"href":"https:\/\/yanmarmarine.eu\/no\/wp-json\/wp\/v2\/pages\/7699\/revisions\/7700"}],"wp:attachment":[{"href":"https:\/\/yanmarmarine.eu\/no\/wp-json\/wp\/v2\/media?parent=7699"}],"curies":[{"name":"wp","href":"https:\/\/api.w.org\/{rel}","templated":true}]}}